{"id":1214,"date":"2024-06-07T19:09:08","date_gmt":"2024-06-07T17:09:08","guid":{"rendered":"https:\/\/dreamglow-events.ch\/?page_id=1214"},"modified":"2025-06-02T19:44:00","modified_gmt":"2025-06-02T17:44:00","slug":"teilplanung","status":"publish","type":"page","link":"https:\/\/dreamglow-events.ch\/en\/teilplanung\/","title":{"rendered":"Partial wedding planning"},"content":{"rendered":"<div data-elementor-type=\"wp-page\" data-elementor-id=\"1214\" class=\"elementor elementor-1214\" data-elementor-post-type=\"page\">\n\t\t\t\t\t\t<section class=\"elementor-section elementor-top-section elementor-element elementor-element-713320d7 elementor-section-full_width elementor-section-content-middle elementor-reverse-tablet elementor-reverse-mobile elementor-section-height-default elementor-section-height-default\" data-id=\"713320d7\" data-element_type=\"section\" data-e-type=\"section\">\n\t\t\t\t\t\t<div class=\"elementor-container elementor-column-gap-default\">\n\t\t\t\t\t<div class=\"elementor-column elementor-col-50 elementor-top-column elementor-element elementor-element-1fd1f611\" data-id=\"1fd1f611\" data-element_type=\"column\" data-e-type=\"column\">\n\t\t\t<div class=\"elementor-widget-wrap elementor-element-populated\">\n\t\t\t\t\t\t<div class=\"elementor-element elementor-element-1a7122bd elementor-widget elementor-widget-heading\" data-id=\"1a7122bd\" data-element_type=\"widget\" data-e-type=\"widget\" data-widget_type=\"heading.default\">\n\t\t\t\t<div class=\"elementor-widget-container\">\n\t\t\t\t\t<h1 class=\"elementor-heading-title elementor-size-default\">What does partial wedding planning include?<\/h1>\t\t\t\t<\/div>\n\t\t\t\t<\/div>\n\t\t\t\t<div class=\"elementor-element elementor-element-3e8615ad elementor-widget elementor-widget-text-editor\" data-id=\"3e8615ad\" data-element_type=\"widget\" data-e-type=\"widget\" data-widget_type=\"text-editor.default\">\n\t\t\t\t<div class=\"elementor-widget-container\">\n\t\t\t\t\t\t\t\t\t<h2>Flexible support \u2013 personalised partial wedding planning<\/h2><div><div dir=\"auto\" data-message-author-role=\"assistant\" data-message-id=\"84cf6fc7-e13d-4e33-9a6a-a88ee9057dbc\"><div><h6 class=\"translation-block\">Are you already in the middle of your <strong>wedding planning<\/strong> but still need <strong>support with certain aspects<\/strong>? Then partial wedding planning is exactly the right choice for you.<\/h6><h6 class=\"translation-block\">Together, we identify the areas where you need support, whether it is with the <strong>decoration<\/strong>, the <strong>venue search<\/strong>, or the <strong>selection of suppliers<\/strong>. During our <strong>planning consultations<\/strong>, we review the current stage of your planning and ensure that every important aspect is taken into consideration.<\/h6><h6 class=\"translation-block\">Another important aspect is <strong>budget planning<\/strong>. We review your budget and adjust it if necessary to ensure that everything remains within your financial framework. With my support, you will always have a clear overview of all expenses, allowing you to relax and focus on what truly matters.<\/h6><h6 class=\"translation-block\">For the big day, we will create a <strong>detailed timeline<\/strong> together that covers all important moments and proceedings. This allows you to <strong>fully enjoy your wedding day<\/strong> without having to worry about organisational details.<\/h6><\/div><\/div><\/div>\t\t\t\t\t\t\t\t<\/div>\n\t\t\t\t<\/div>\n\t\t\t\t\t<\/div>\n\t\t<\/div>\n\t\t\t\t<div class=\"elementor-column elementor-col-50 elementor-top-column elementor-element elementor-element-1d39a1b\" data-id=\"1d39a1b\" data-element_type=\"column\" data-e-type=\"column\">\n\t\t\t<div class=\"elementor-widget-wrap elementor-element-populated\">\n\t\t\t\t\t\t<div class=\"elementor-element elementor-element-20d60deb elementor-widget elementor-widget-image\" data-id=\"20d60deb\" data-element_type=\"widget\" data-e-type=\"widget\" data-widget_type=\"image.default\">\n\t\t\t\t<div class=\"elementor-widget-container\">\n\t\t\t\t\t\t\t\t\t\t\t\t\t\t\t<img fetchpriority=\"high\" decoding=\"async\" width=\"1894\" height=\"1263\" src=\"https:\/\/dreamglow-events.ch\/wp-content\/uploads\/2025\/06\/Styledshoot_Thun-127.jpg\" class=\"attachment-full size-full wp-image-2249\" alt=\"\" srcset=\"https:\/\/dreamglow-events.ch\/wp-content\/uploads\/2025\/06\/Styledshoot_Thun-127.jpg 1894w, https:\/\/dreamglow-events.ch\/wp-content\/uploads\/2025\/06\/Styledshoot_Thun-127-300x200.jpg 300w, https:\/\/dreamglow-events.ch\/wp-content\/uploads\/2025\/06\/Styledshoot_Thun-127-1024x683.jpg 1024w, https:\/\/dreamglow-events.ch\/wp-content\/uploads\/2025\/06\/Styledshoot_Thun-127-768x512.jpg 768w, https:\/\/dreamglow-events.ch\/wp-content\/uploads\/2025\/06\/Styledshoot_Thun-127-1536x1024.jpg 1536w\" sizes=\"(max-width: 1894px) 100vw, 1894px\" \/>\t\t\t\t\t\t\t\t\t\t\t\t\t\t\t<\/div>\n\t\t\t\t<\/div>\n\t\t\t\t\t<\/div>\n\t\t<\/div>\n\t\t\t\t\t<\/div>\n\t\t<\/section>\n\t\t\t\t<section class=\"elementor-section elementor-top-section elementor-element elementor-element-358d5253 elementor-section-full_width elementor-section-content-middle elementor-reverse-tablet elementor-reverse-mobile elementor-section-height-default elementor-section-height-default\" data-id=\"358d5253\" data-element_type=\"section\" data-e-type=\"section\" data-settings=\"{&quot;background_background&quot;:&quot;classic&quot;}\">\n\t\t\t\t\t\t<div class=\"elementor-container elementor-column-gap-default\">\n\t\t\t\t\t<div class=\"elementor-column elementor-col-50 elementor-top-column elementor-element elementor-element-75965127\" data-id=\"75965127\" data-element_type=\"column\" data-e-type=\"column\">\n\t\t\t<div class=\"elementor-widget-wrap elementor-element-populated\">\n\t\t\t\t\t\t<div class=\"elementor-element elementor-element-11fa2cec elementor-widget elementor-widget-image\" data-id=\"11fa2cec\" data-element_type=\"widget\" data-e-type=\"widget\" data-widget_type=\"image.default\">\n\t\t\t\t<div class=\"elementor-widget-container\">\n\t\t\t\t\t\t\t\t\t\t\t\t\t\t\t<img decoding=\"async\" width=\"1706\" height=\"1139\" src=\"https:\/\/dreamglow-events.ch\/wp-content\/uploads\/2024\/07\/Hochzeitsplanung-by-Lea-Bern-Thunersee-Brienzersee-Bridesmaids-mit-Blumenarmbaender-scaled-e1721047674153.jpg\" class=\"attachment-full size-full wp-image-1570\" alt=\"\" srcset=\"https:\/\/dreamglow-events.ch\/wp-content\/uploads\/2024\/07\/Hochzeitsplanung-by-Lea-Bern-Thunersee-Brienzersee-Bridesmaids-mit-Blumenarmbaender-scaled-e1721047674153.jpg 1706w, https:\/\/dreamglow-events.ch\/wp-content\/uploads\/2024\/07\/Hochzeitsplanung-by-Lea-Bern-Thunersee-Brienzersee-Bridesmaids-mit-Blumenarmbaender-scaled-e1721047674153-300x200.jpg 300w, https:\/\/dreamglow-events.ch\/wp-content\/uploads\/2024\/07\/Hochzeitsplanung-by-Lea-Bern-Thunersee-Brienzersee-Bridesmaids-mit-Blumenarmbaender-scaled-e1721047674153-1024x684.jpg 1024w, https:\/\/dreamglow-events.ch\/wp-content\/uploads\/2024\/07\/Hochzeitsplanung-by-Lea-Bern-Thunersee-Brienzersee-Bridesmaids-mit-Blumenarmbaender-scaled-e1721047674153-768x513.jpg 768w, https:\/\/dreamglow-events.ch\/wp-content\/uploads\/2024\/07\/Hochzeitsplanung-by-Lea-Bern-Thunersee-Brienzersee-Bridesmaids-mit-Blumenarmbaender-scaled-e1721047674153-1536x1026.jpg 1536w\" sizes=\"(max-width: 1706px) 100vw, 1706px\" \/>\t\t\t\t\t\t\t\t\t\t\t\t\t\t\t<\/div>\n\t\t\t\t<\/div>\n\t\t\t\t\t<\/div>\n\t\t<\/div>\n\t\t\t\t<div class=\"elementor-column elementor-col-50 elementor-top-column elementor-element elementor-element-112afb10\" data-id=\"112afb10\" data-element_type=\"column\" data-e-type=\"column\" data-settings=\"{&quot;background_background&quot;:&quot;gradient&quot;}\">\n\t\t\t<div class=\"elementor-widget-wrap elementor-element-populated\">\n\t\t\t\t\t\t<div class=\"elementor-element elementor-element-459f4e38 elementor-widget elementor-widget-heading\" data-id=\"459f4e38\" data-element_type=\"widget\" data-e-type=\"widget\" data-widget_type=\"heading.default\">\n\t\t\t\t<div class=\"elementor-widget-container\">\n\t\t\t\t\t<h1 class=\"elementor-heading-title elementor-size-default\">Your benefits in detail<\/h1>\t\t\t\t<\/div>\n\t\t\t\t<\/div>\n\t\t\t\t<div class=\"elementor-element elementor-element-840350c elementor-widget elementor-widget-text-editor\" data-id=\"840350c\" data-element_type=\"widget\" data-e-type=\"widget\" data-widget_type=\"text-editor.default\">\n\t\t\t\t<div class=\"elementor-widget-container\">\n\t\t\t\t\t\t\t\t\t<ul><li><h6><strong>Planning consultations:<\/strong> 2 to 3 detailed meetings to discuss all stages of the planning process.<\/h6><\/li><li><h6><strong>Budget and timeline:<\/strong> Creation of personalised and realistic plans tailored precisely to your needs and wishes.<\/h6><\/li><li><h6><strong>Supplier research:<\/strong> Careful selection and presentation of the remaining suppliers, including images, contact persons, and a cost overview.<\/h6><\/li><li><h6><strong>Communication:<\/strong> Ongoing coordination and communication with all suppliers booked through us to ensure a smooth and seamless experience.<\/h6><\/li><li><h6 style=\"box-sizing: border-box; margin-block: 0.5rem 1rem; font-family: inherit; font-weight: 500; line-height: 1.2; color: inherit; font-size: 1rem;\"><strong style=\"box-sizing: border-box; font-weight: bolder;\">Wedding day timeline:\u00a0<\/strong>Creation of a detailed plan for the wedding day to ensure that every part of the programme is perfectly coordinated.<\/h6><\/li><li><h6 style=\"box-sizing: border-box; margin-block: 0.5rem 1rem; font-family: inherit; font-weight: 500; line-height: 1.2; color: inherit; font-size: 1rem;\"><strong style=\"box-sizing: border-box; font-weight: bolder;\">Beratung:<\/strong>\u00a0Dedicated guidance and assistance throughout the entire planning process so you can relax and enjoy the journey.<\/h6><\/li><li style=\"list-style-type: none;\">\u00a0<\/li><\/ul>\t\t\t\t\t\t\t\t<\/div>\n\t\t\t\t<\/div>\n\t\t\t\t\t<\/div>\n\t\t<\/div>\n\t\t\t\t\t<\/div>\n\t\t<\/section>\n\t\t\t\t<section class=\"elementor-section elementor-top-section elementor-element elementor-element-5d94c6f9 elementor-section-full_width elementor-section-content-middle elementor-reverse-tablet elementor-reverse-mobile elementor-section-height-default elementor-section-height-default\" data-id=\"5d94c6f9\" data-element_type=\"section\" data-e-type=\"section\" data-settings=\"{&quot;background_background&quot;:&quot;classic&quot;}\">\n\t\t\t\t\t\t<div class=\"elementor-container elementor-column-gap-default\">\n\t\t\t\t\t<div class=\"elementor-column elementor-col-100 elementor-top-column elementor-element elementor-element-2dfd40a5\" data-id=\"2dfd40a5\" data-element_type=\"column\" data-e-type=\"column\">\n\t\t\t<div class=\"elementor-widget-wrap elementor-element-populated\">\n\t\t\t\t\t\t<div class=\"elementor-element elementor-element-75403432 elementor-widget elementor-widget-heading\" data-id=\"75403432\" data-element_type=\"widget\" data-e-type=\"widget\" data-widget_type=\"heading.default\">\n\t\t\t\t<div class=\"elementor-widget-container\">\n\t\t\t\t\t<h2 class=\"elementor-heading-title elementor-size-default\">Enquire now and schedule your complimentary consultation.<\/h2>\t\t\t\t<\/div>\n\t\t\t\t<\/div>\n\t\t\t\t<div class=\"elementor-element elementor-element-9083d1c elementor-align-center elementor-widget elementor-widget-button\" data-id=\"9083d1c\" data-element_type=\"widget\" data-e-type=\"widget\" data-widget_type=\"button.default\">\n\t\t\t\t<div class=\"elementor-widget-container\">\n\t\t\t\t\t\t\t\t\t<div class=\"elementor-button-wrapper\">\n\t\t\t\t\t<a class=\"elementor-button elementor-button-link elementor-size-sm\" href=\"https:\/\/dreamglow-events.ch\/en\/kontakt\/\">\n\t\t\t\t\t\t<span class=\"elementor-button-content-wrapper\">\n\t\t\t\t\t\t\t\t\t<span class=\"elementor-button-text\">Book your complimentary consultation<\/span>\n\t\t\t\t\t<\/span>\n\t\t\t\t\t<\/a>\n\t\t\t\t<\/div>\n\t\t\t\t\t\t\t\t<\/div>\n\t\t\t\t<\/div>\n\t\t\t\t\t<\/div>\n\t\t<\/div>\n\t\t\t\t\t<\/div>\n\t\t<\/section>\n\t\t\t\t<\/div>","protected":false},"excerpt":{"rendered":"<p>Was beinhaltet die Teilplanung? FLEXIBLE UNTERST\u00dcTZUNG \u2013 INDIVIDUELLE TEILPLANUNG Steckt ihr schon mitten in der Hochzeitsplanung, habt aber bei einigen Punkten noch Unterst\u00fctzungsbedarf? Dann ist die Teilplanung genau das Richtige f\u00fcr euch. Gemeinsam identifizieren wir die Bereiche, in denen ihr Hilfe ben\u00f6tigt \u2013 sei es bei der Dekoration, der Location-Suche oder der Auswahl der Dienstleister. [&hellip;]<\/p>\n","protected":false},"author":1,"featured_media":0,"parent":0,"menu_order":0,"comment_status":"closed","ping_status":"closed","template":"elementor_header_footer","meta":{"footnotes":""},"class_list":["post-1214","page","type-page","status-publish","hentry"],"_links":{"self":[{"href":"https:\/\/dreamglow-events.ch\/en\/wp-json\/wp\/v2\/pages\/1214","targetHints":{"allow":["GET"]}}],"collection":[{"href":"https:\/\/dreamglow-events.ch\/en\/wp-json\/wp\/v2\/pages"}],"about":[{"href":"https:\/\/dreamglow-events.ch\/en\/wp-json\/wp\/v2\/types\/page"}],"author":[{"embeddable":true,"href":"https:\/\/dreamglow-events.ch\/en\/wp-json\/wp\/v2\/users\/1"}],"replies":[{"embeddable":true,"href":"https:\/\/dreamglow-events.ch\/en\/wp-json\/wp\/v2\/comments?post=1214"}],"version-history":[{"count":10,"href":"https:\/\/dreamglow-events.ch\/en\/wp-json\/wp\/v2\/pages\/1214\/revisions"}],"predecessor-version":[{"id":2309,"href":"https:\/\/dreamglow-events.ch\/en\/wp-json\/wp\/v2\/pages\/1214\/revisions\/2309"}],"wp:attachment":[{"href":"https:\/\/dreamglow-events.ch\/en\/wp-json\/wp\/v2\/media?parent=1214"}],"curies":[{"name":"wp","href":"https:\/\/api.w.org\/{rel}","templated":true}]}}