{"id":1242,"date":"2024-06-07T19:25:31","date_gmt":"2024-06-07T17:25:31","guid":{"rendered":"https:\/\/dreamglow-events.ch\/?page_id=1242"},"modified":"2025-06-02T19:49:22","modified_gmt":"2025-06-02T17:49:22","slug":"zeremonienmeister","status":"publish","type":"page","link":"https:\/\/dreamglow-events.ch\/en\/zeremonienmeister\/","title":{"rendered":"Wedding Day Manager"},"content":{"rendered":"<div data-elementor-type=\"wp-page\" data-elementor-id=\"1242\" class=\"elementor elementor-1242\" data-elementor-post-type=\"page\">\n\t\t\t\t\t\t<section class=\"elementor-section elementor-top-section elementor-element elementor-element-713320d7 elementor-section-full_width elementor-section-content-middle elementor-reverse-tablet elementor-reverse-mobile elementor-section-height-default elementor-section-height-default\" data-id=\"713320d7\" data-element_type=\"section\" data-e-type=\"section\">\n\t\t\t\t\t\t<div class=\"elementor-container elementor-column-gap-default\">\n\t\t\t\t\t<div class=\"elementor-column elementor-col-50 elementor-top-column elementor-element elementor-element-1fd1f611\" data-id=\"1fd1f611\" data-element_type=\"column\" data-e-type=\"column\">\n\t\t\t<div class=\"elementor-widget-wrap elementor-element-populated\">\n\t\t\t\t\t\t<div class=\"elementor-element elementor-element-1a7122bd elementor-widget elementor-widget-heading\" data-id=\"1a7122bd\" data-element_type=\"widget\" data-e-type=\"widget\" data-widget_type=\"heading.default\">\n\t\t\t\t<div class=\"elementor-widget-container\">\n\t\t\t\t\t<h1 class=\"elementor-heading-title elementor-size-default\">What does the Wedding Day Manager service include?<\/h1>\t\t\t\t<\/div>\n\t\t\t\t<\/div>\n\t\t\t\t<div class=\"elementor-element elementor-element-3e8615ad elementor-widget elementor-widget-text-editor\" data-id=\"3e8615ad\" data-element_type=\"widget\" data-e-type=\"widget\" data-widget_type=\"text-editor.default\">\n\t\t\t\t<div class=\"elementor-widget-container\">\n\t\t\t\t\t\t\t\t\t<div><div><div><h2>Celebrate without worries \u2013 professional wedding day coordinator<\/h2><\/div><\/div><\/div><div><div dir=\"auto\" data-message-author-role=\"assistant\" data-message-id=\"84cf6fc7-e13d-4e33-9a6a-a88ee9057dbc\"><div><h6 class=\"translation-block\">On the day of your wedding there is <strong>no rehearsal<\/strong>, which is exactly why it is so important that someone is overseeing everything. As your Wedding Day Manager, I take care of the <strong>coordination<\/strong> of <strong>all suppliers<\/strong> and ensure that the months of planning are carried out smoothly.<\/h6><h6 class=\"translation-block\">Around 6 to 8 weeks before your big day, I take over the coordination and get in touch with all involved suppliers. Together, we create a <strong>detailed timeline<\/strong> to ensure that everyone knows exactly what needs to be done and when. This guarantees that all <strong>proceedings run according to plan<\/strong>.<\/h6><h6 class=\"translation-block\">Not only your witnesses or parents should feel like guests at your wedding, but you as well, <strong>free from worries and distractions<\/strong>, thanks to the professional coordination of your wedding day manager.<\/h6><\/div><\/div><\/div>\t\t\t\t\t\t\t\t<\/div>\n\t\t\t\t<\/div>\n\t\t\t\t\t<\/div>\n\t\t<\/div>\n\t\t\t\t<div class=\"elementor-column elementor-col-50 elementor-top-column elementor-element elementor-element-1d39a1b\" data-id=\"1d39a1b\" data-element_type=\"column\" data-e-type=\"column\">\n\t\t\t<div class=\"elementor-widget-wrap elementor-element-populated\">\n\t\t\t\t\t\t<div class=\"elementor-element elementor-element-20d60deb elementor-widget elementor-widget-image\" data-id=\"20d60deb\" data-element_type=\"widget\" data-e-type=\"widget\" data-widget_type=\"image.default\">\n\t\t\t\t<div class=\"elementor-widget-container\">\n\t\t\t\t\t\t\t\t\t\t\t\t\t\t\t<img fetchpriority=\"high\" decoding=\"async\" width=\"2560\" height=\"1707\" src=\"https:\/\/dreamglow-events.ch\/wp-content\/uploads\/2025\/06\/Styledshoot_Thun-235-scaled.jpg\" class=\"attachment-full size-full wp-image-2312\" alt=\"\" srcset=\"https:\/\/dreamglow-events.ch\/wp-content\/uploads\/2025\/06\/Styledshoot_Thun-235-scaled.jpg 2560w, https:\/\/dreamglow-events.ch\/wp-content\/uploads\/2025\/06\/Styledshoot_Thun-235-300x200.jpg 300w, https:\/\/dreamglow-events.ch\/wp-content\/uploads\/2025\/06\/Styledshoot_Thun-235-1024x683.jpg 1024w, https:\/\/dreamglow-events.ch\/wp-content\/uploads\/2025\/06\/Styledshoot_Thun-235-768x512.jpg 768w, https:\/\/dreamglow-events.ch\/wp-content\/uploads\/2025\/06\/Styledshoot_Thun-235-1536x1024.jpg 1536w, https:\/\/dreamglow-events.ch\/wp-content\/uploads\/2025\/06\/Styledshoot_Thun-235-2048x1365.jpg 2048w\" sizes=\"(max-width: 2560px) 100vw, 2560px\" \/>\t\t\t\t\t\t\t\t\t\t\t\t\t\t\t<\/div>\n\t\t\t\t<\/div>\n\t\t\t\t\t<\/div>\n\t\t<\/div>\n\t\t\t\t\t<\/div>\n\t\t<\/section>\n\t\t\t\t<section class=\"elementor-section elementor-top-section elementor-element elementor-element-358d5253 elementor-section-full_width elementor-section-content-middle elementor-reverse-tablet elementor-reverse-mobile elementor-section-height-default elementor-section-height-default\" data-id=\"358d5253\" data-element_type=\"section\" data-e-type=\"section\" data-settings=\"{&quot;background_background&quot;:&quot;classic&quot;}\">\n\t\t\t\t\t\t<div class=\"elementor-container elementor-column-gap-default\">\n\t\t\t\t\t<div class=\"elementor-column elementor-col-50 elementor-top-column elementor-element elementor-element-75965127\" data-id=\"75965127\" data-element_type=\"column\" data-e-type=\"column\">\n\t\t\t<div class=\"elementor-widget-wrap elementor-element-populated\">\n\t\t\t\t\t\t<div class=\"elementor-element elementor-element-11fa2cec elementor-widget elementor-widget-image\" data-id=\"11fa2cec\" data-element_type=\"widget\" data-e-type=\"widget\" data-widget_type=\"image.default\">\n\t\t\t\t<div class=\"elementor-widget-container\">\n\t\t\t\t\t\t\t\t\t\t\t\t\t\t\t<img decoding=\"async\" width=\"1706\" height=\"1139\" src=\"https:\/\/dreamglow-events.ch\/wp-content\/uploads\/2024\/07\/Hochzeitsplanung-by-Lea-Bern-Thunersee-Brienzersee-Tischdekoration-scaled-e1721028698113.jpg\" class=\"attachment-full size-full wp-image-1464\" alt=\"\" srcset=\"https:\/\/dreamglow-events.ch\/wp-content\/uploads\/2024\/07\/Hochzeitsplanung-by-Lea-Bern-Thunersee-Brienzersee-Tischdekoration-scaled-e1721028698113.jpg 1706w, https:\/\/dreamglow-events.ch\/wp-content\/uploads\/2024\/07\/Hochzeitsplanung-by-Lea-Bern-Thunersee-Brienzersee-Tischdekoration-scaled-e1721028698113-300x200.jpg 300w, https:\/\/dreamglow-events.ch\/wp-content\/uploads\/2024\/07\/Hochzeitsplanung-by-Lea-Bern-Thunersee-Brienzersee-Tischdekoration-scaled-e1721028698113-1024x684.jpg 1024w, https:\/\/dreamglow-events.ch\/wp-content\/uploads\/2024\/07\/Hochzeitsplanung-by-Lea-Bern-Thunersee-Brienzersee-Tischdekoration-scaled-e1721028698113-768x513.jpg 768w, https:\/\/dreamglow-events.ch\/wp-content\/uploads\/2024\/07\/Hochzeitsplanung-by-Lea-Bern-Thunersee-Brienzersee-Tischdekoration-scaled-e1721028698113-1536x1026.jpg 1536w\" sizes=\"(max-width: 1706px) 100vw, 1706px\" \/>\t\t\t\t\t\t\t\t\t\t\t\t\t\t\t<\/div>\n\t\t\t\t<\/div>\n\t\t\t\t\t<\/div>\n\t\t<\/div>\n\t\t\t\t<div class=\"elementor-column elementor-col-50 elementor-top-column elementor-element elementor-element-112afb10\" data-id=\"112afb10\" data-element_type=\"column\" data-e-type=\"column\" data-settings=\"{&quot;background_background&quot;:&quot;gradient&quot;}\">\n\t\t\t<div class=\"elementor-widget-wrap elementor-element-populated\">\n\t\t\t\t\t\t<div class=\"elementor-element elementor-element-459f4e38 elementor-widget elementor-widget-heading\" data-id=\"459f4e38\" data-element_type=\"widget\" data-e-type=\"widget\" data-widget_type=\"heading.default\">\n\t\t\t\t<div class=\"elementor-widget-container\">\n\t\t\t\t\t<h1 class=\"elementor-heading-title elementor-size-default\">Your benefits in detail<\/h1>\t\t\t\t<\/div>\n\t\t\t\t<\/div>\n\t\t\t\t<div class=\"elementor-element elementor-element-840350c elementor-widget elementor-widget-text-editor\" data-id=\"840350c\" data-element_type=\"widget\" data-e-type=\"widget\" data-widget_type=\"text-editor.default\">\n\t\t\t\t<div class=\"elementor-widget-container\">\n\t\t\t\t\t\t\t\t\t<ul><li><h6><strong>Pre wedding consultation:<\/strong> Approx. 2 hour meeting to hand over all booked suppliers.<\/h6><\/li><li><h6><strong>Wedding day timeline:<\/strong> Joint creation of a detailed timeline for the wedding day.<\/h6><\/li><li><h6><strong>Communication:<\/strong> Abstimmung und laufende Kommunikation mit den Service-Partnern und Koordination der Abl\u00e4ufe am Hochzeitstag.<\/h6><\/li><li><h6><strong>Point of contact:<\/strong> Support for guests and suppliers with any questions or requests.<\/h6><\/li><li><h6><strong>Final preparations:<\/strong> On site, we take care of tasks such as distributing ceremony booklets, guest favours, and menu and drinks cards.<\/h6><\/li><\/ul>\t\t\t\t\t\t\t\t<\/div>\n\t\t\t\t<\/div>\n\t\t\t\t\t<\/div>\n\t\t<\/div>\n\t\t\t\t\t<\/div>\n\t\t<\/section>\n\t\t\t\t<section class=\"elementor-section elementor-top-section elementor-element elementor-element-5d94c6f9 elementor-section-full_width elementor-section-content-middle elementor-reverse-tablet elementor-reverse-mobile elementor-section-height-default elementor-section-height-default\" data-id=\"5d94c6f9\" data-element_type=\"section\" data-e-type=\"section\" data-settings=\"{&quot;background_background&quot;:&quot;classic&quot;}\">\n\t\t\t\t\t\t<div class=\"elementor-container elementor-column-gap-default\">\n\t\t\t\t\t<div class=\"elementor-column elementor-col-100 elementor-top-column elementor-element elementor-element-2dfd40a5\" data-id=\"2dfd40a5\" data-element_type=\"column\" data-e-type=\"column\">\n\t\t\t<div class=\"elementor-widget-wrap elementor-element-populated\">\n\t\t\t\t\t\t<div class=\"elementor-element elementor-element-75403432 elementor-widget elementor-widget-heading\" data-id=\"75403432\" data-element_type=\"widget\" data-e-type=\"widget\" data-widget_type=\"heading.default\">\n\t\t\t\t<div class=\"elementor-widget-container\">\n\t\t\t\t\t<h2 class=\"elementor-heading-title elementor-size-default\">Enquire now and schedule your complimentary consultation.<\/h2>\t\t\t\t<\/div>\n\t\t\t\t<\/div>\n\t\t\t\t<div class=\"elementor-element elementor-element-9083d1c elementor-align-center elementor-widget elementor-widget-button\" data-id=\"9083d1c\" data-element_type=\"widget\" data-e-type=\"widget\" data-widget_type=\"button.default\">\n\t\t\t\t<div class=\"elementor-widget-container\">\n\t\t\t\t\t\t\t\t\t<div class=\"elementor-button-wrapper\">\n\t\t\t\t\t<a class=\"elementor-button elementor-button-link elementor-size-sm\" href=\"https:\/\/dreamglow-events.ch\/en\/kontakt\/\">\n\t\t\t\t\t\t<span class=\"elementor-button-content-wrapper\">\n\t\t\t\t\t\t\t\t\t<span class=\"elementor-button-text\">Book your complimentary consultation<\/span>\n\t\t\t\t\t<\/span>\n\t\t\t\t\t<\/a>\n\t\t\t\t<\/div>\n\t\t\t\t\t\t\t\t<\/div>\n\t\t\t\t<\/div>\n\t\t\t\t\t<\/div>\n\t\t<\/div>\n\t\t\t\t\t<\/div>\n\t\t<\/section>\n\t\t\t\t<\/div>","protected":false},"excerpt":{"rendered":"<p>Was beinhaltet die Dienstleistung Wedding Day Manager? SORGENFREI FEIERN \u2013 PROFESSIONELLEr &#8222;T\u00e4tschmeister&#8220; Am Tag eurer Hochzeit gibt es keine Generalprobe, und genau deshalb ist es wichtig, dass jemand alle F\u00e4den in der Hand h\u00e4lt. Als Wedding Day Manager \u00fcbernehme ich die Koordination aller Dienstleister und sorge daf\u00fcr, dass eure monatelange Planung reibungslos umgesetzt wird. Bereits [&hellip;]<\/p>\n","protected":false},"author":1,"featured_media":0,"parent":0,"menu_order":0,"comment_status":"closed","ping_status":"closed","template":"elementor_header_footer","meta":{"footnotes":""},"class_list":["post-1242","page","type-page","status-publish","hentry"],"_links":{"self":[{"href":"https:\/\/dreamglow-events.ch\/en\/wp-json\/wp\/v2\/pages\/1242","targetHints":{"allow":["GET"]}}],"collection":[{"href":"https:\/\/dreamglow-events.ch\/en\/wp-json\/wp\/v2\/pages"}],"about":[{"href":"https:\/\/dreamglow-events.ch\/en\/wp-json\/wp\/v2\/types\/page"}],"author":[{"embeddable":true,"href":"https:\/\/dreamglow-events.ch\/en\/wp-json\/wp\/v2\/users\/1"}],"replies":[{"embeddable":true,"href":"https:\/\/dreamglow-events.ch\/en\/wp-json\/wp\/v2\/comments?post=1242"}],"version-history":[{"count":10,"href":"https:\/\/dreamglow-events.ch\/en\/wp-json\/wp\/v2\/pages\/1242\/revisions"}],"predecessor-version":[{"id":2315,"href":"https:\/\/dreamglow-events.ch\/en\/wp-json\/wp\/v2\/pages\/1242\/revisions\/2315"}],"wp:attachment":[{"href":"https:\/\/dreamglow-events.ch\/en\/wp-json\/wp\/v2\/media?parent=1242"}],"curies":[{"name":"wp","href":"https:\/\/api.w.org\/{rel}","templated":true}]}}