{"id":1253,"date":"2024-06-07T19:38:03","date_gmt":"2024-06-07T17:38:03","guid":{"rendered":"https:\/\/dreamglow-events.ch\/?page_id=1253"},"modified":"2024-10-17T15:01:09","modified_gmt":"2024-10-17T13:01:09","slug":"locationscout-2","status":"publish","type":"page","link":"https:\/\/dreamglow-events.ch\/en\/locationscout-2\/","title":{"rendered":"Locationscout"},"content":{"rendered":"<div data-elementor-type=\"wp-page\" data-elementor-id=\"1253\" class=\"elementor elementor-1253\" data-elementor-post-type=\"page\">\n\t\t\t\t\t\t<section class=\"elementor-section elementor-top-section elementor-element elementor-element-713320d7 elementor-section-full_width elementor-section-content-middle elementor-reverse-tablet elementor-reverse-mobile elementor-section-height-default elementor-section-height-default\" data-id=\"713320d7\" data-element_type=\"section\" data-e-type=\"section\">\n\t\t\t\t\t\t<div class=\"elementor-container elementor-column-gap-default\">\n\t\t\t\t\t<div class=\"elementor-column elementor-col-50 elementor-top-column elementor-element elementor-element-1fd1f611\" data-id=\"1fd1f611\" data-element_type=\"column\" data-e-type=\"column\">\n\t\t\t<div class=\"elementor-widget-wrap elementor-element-populated\">\n\t\t\t\t\t\t<div class=\"elementor-element elementor-element-1a7122bd elementor-widget elementor-widget-heading\" data-id=\"1a7122bd\" data-element_type=\"widget\" data-e-type=\"widget\" data-widget_type=\"heading.default\">\n\t\t\t\t<div class=\"elementor-widget-container\">\n\t\t\t\t\t<h1 class=\"elementor-heading-title elementor-size-default\">What does the venue scouting service include?<\/h1>\t\t\t\t<\/div>\n\t\t\t\t<\/div>\n\t\t\t\t<div class=\"elementor-element elementor-element-3e8615ad elementor-widget elementor-widget-text-editor\" data-id=\"3e8615ad\" data-element_type=\"widget\" data-e-type=\"widget\" data-widget_type=\"text-editor.default\">\n\t\t\t\t<div class=\"elementor-widget-container\">\n\t\t\t\t\t\t\t\t\t<h2>The perfect setting \u2013 finding your dream venue<\/h2><h6>The search for the perfect wedding venue is essential for the success of your celebration.\u00a0<\/h6><h6 class=\"translation-block\">Whether you dream of a rustic barn or a romantic castle, the <strong>selection<\/strong> is often <strong>challenging<\/strong> and depends on various criteria such as <strong>budget<\/strong>, <strong>number of guests<\/strong>, and <strong>accommodation options<\/strong>. Even bad weather alternatives need to be considered.<\/h6><h6 class=\"translation-block\">Thanks to my regular venue visits and close connections around Lake Thun and the Bernese Oberland, I know many <strong>unique and exclusive venues<\/strong>. The search for the perfect venue is one of the most important steps in the planning process, as this is where you will spend most of your wedding day. Choosing the right location is therefore essential.<\/h6><h6 class=\"translation-block\">Together we define your <strong>wishes<\/strong> and <strong>criteria<\/strong> for the venue, and I then present suitable options for you. If you are interested, we can visit the selected venues together.<\/h6><h6 class=\"translation-block\">Leave the search to me. In the end, you will have the <strong>delightful challenge of choosing<\/strong> from a variety of options.<\/h6>\t\t\t\t\t\t\t\t<\/div>\n\t\t\t\t<\/div>\n\t\t\t\t\t<\/div>\n\t\t<\/div>\n\t\t\t\t<div class=\"elementor-column elementor-col-50 elementor-top-column elementor-element elementor-element-1d39a1b\" data-id=\"1d39a1b\" data-element_type=\"column\" data-e-type=\"column\">\n\t\t\t<div class=\"elementor-widget-wrap elementor-element-populated\">\n\t\t\t\t\t\t<div class=\"elementor-element elementor-element-20d60deb elementor-widget elementor-widget-image\" data-id=\"20d60deb\" data-element_type=\"widget\" data-e-type=\"widget\" data-widget_type=\"image.default\">\n\t\t\t\t<div class=\"elementor-widget-container\">\n\t\t\t\t\t\t\t\t\t\t\t\t\t\t\t<img fetchpriority=\"high\" decoding=\"async\" width=\"2560\" height=\"1703\" src=\"https:\/\/dreamglow-events.ch\/wp-content\/uploads\/2024\/08\/Hochzeitsplanung-by-Lea-Bern-Thunersee-Brienzersee-Locationbesichtigung-mit-Brautpaar-scaled.jpg\" class=\"attachment-full size-full wp-image-1632\" alt=\"\" srcset=\"https:\/\/dreamglow-events.ch\/wp-content\/uploads\/2024\/08\/Hochzeitsplanung-by-Lea-Bern-Thunersee-Brienzersee-Locationbesichtigung-mit-Brautpaar-scaled.jpg 2560w, https:\/\/dreamglow-events.ch\/wp-content\/uploads\/2024\/08\/Hochzeitsplanung-by-Lea-Bern-Thunersee-Brienzersee-Locationbesichtigung-mit-Brautpaar-300x200.jpg 300w, https:\/\/dreamglow-events.ch\/wp-content\/uploads\/2024\/08\/Hochzeitsplanung-by-Lea-Bern-Thunersee-Brienzersee-Locationbesichtigung-mit-Brautpaar-1024x681.jpg 1024w, https:\/\/dreamglow-events.ch\/wp-content\/uploads\/2024\/08\/Hochzeitsplanung-by-Lea-Bern-Thunersee-Brienzersee-Locationbesichtigung-mit-Brautpaar-768x511.jpg 768w, https:\/\/dreamglow-events.ch\/wp-content\/uploads\/2024\/08\/Hochzeitsplanung-by-Lea-Bern-Thunersee-Brienzersee-Locationbesichtigung-mit-Brautpaar-1536x1022.jpg 1536w, https:\/\/dreamglow-events.ch\/wp-content\/uploads\/2024\/08\/Hochzeitsplanung-by-Lea-Bern-Thunersee-Brienzersee-Locationbesichtigung-mit-Brautpaar-2048x1363.jpg 2048w\" sizes=\"(max-width: 2560px) 100vw, 2560px\" \/>\t\t\t\t\t\t\t\t\t\t\t\t\t\t\t<\/div>\n\t\t\t\t<\/div>\n\t\t\t\t\t<\/div>\n\t\t<\/div>\n\t\t\t\t\t<\/div>\n\t\t<\/section>\n\t\t\t\t<section class=\"elementor-section elementor-top-section elementor-element elementor-element-358d5253 elementor-section-full_width elementor-section-content-middle elementor-reverse-tablet elementor-reverse-mobile elementor-section-height-default elementor-section-height-default\" data-id=\"358d5253\" data-element_type=\"section\" data-e-type=\"section\" data-settings=\"{&quot;background_background&quot;:&quot;classic&quot;}\">\n\t\t\t\t\t\t\t<div class=\"elementor-background-overlay\"><\/div>\n\t\t\t\t\t\t\t<div class=\"elementor-container elementor-column-gap-default\">\n\t\t\t\t\t<div class=\"elementor-column elementor-col-50 elementor-top-column elementor-element elementor-element-75965127\" data-id=\"75965127\" data-element_type=\"column\" data-e-type=\"column\">\n\t\t\t<div class=\"elementor-widget-wrap elementor-element-populated\">\n\t\t\t\t\t\t<div class=\"elementor-element elementor-element-11fa2cec elementor-widget elementor-widget-image\" data-id=\"11fa2cec\" data-element_type=\"widget\" data-e-type=\"widget\" data-widget_type=\"image.default\">\n\t\t\t\t<div class=\"elementor-widget-container\">\n\t\t\t\t\t\t\t\t\t\t\t\t\t\t\t<img decoding=\"async\" width=\"2560\" height=\"1703\" src=\"https:\/\/dreamglow-events.ch\/wp-content\/uploads\/2024\/08\/Hochzeitsplanung-by-Lea-Bern-Thunersee-Brienzersee-LocationbesichtigSchloss-Schadau-scaled.jpg\" class=\"attachment-full size-full wp-image-1633\" alt=\"\" srcset=\"https:\/\/dreamglow-events.ch\/wp-content\/uploads\/2024\/08\/Hochzeitsplanung-by-Lea-Bern-Thunersee-Brienzersee-LocationbesichtigSchloss-Schadau-scaled.jpg 2560w, https:\/\/dreamglow-events.ch\/wp-content\/uploads\/2024\/08\/Hochzeitsplanung-by-Lea-Bern-Thunersee-Brienzersee-LocationbesichtigSchloss-Schadau-300x200.jpg 300w, https:\/\/dreamglow-events.ch\/wp-content\/uploads\/2024\/08\/Hochzeitsplanung-by-Lea-Bern-Thunersee-Brienzersee-LocationbesichtigSchloss-Schadau-1024x681.jpg 1024w, https:\/\/dreamglow-events.ch\/wp-content\/uploads\/2024\/08\/Hochzeitsplanung-by-Lea-Bern-Thunersee-Brienzersee-LocationbesichtigSchloss-Schadau-768x511.jpg 768w, https:\/\/dreamglow-events.ch\/wp-content\/uploads\/2024\/08\/Hochzeitsplanung-by-Lea-Bern-Thunersee-Brienzersee-LocationbesichtigSchloss-Schadau-1536x1022.jpg 1536w, https:\/\/dreamglow-events.ch\/wp-content\/uploads\/2024\/08\/Hochzeitsplanung-by-Lea-Bern-Thunersee-Brienzersee-LocationbesichtigSchloss-Schadau-2048x1363.jpg 2048w\" sizes=\"(max-width: 2560px) 100vw, 2560px\" \/>\t\t\t\t\t\t\t\t\t\t\t\t\t\t\t<\/div>\n\t\t\t\t<\/div>\n\t\t\t\t\t<\/div>\n\t\t<\/div>\n\t\t\t\t<div class=\"elementor-column elementor-col-50 elementor-top-column elementor-element elementor-element-112afb10\" data-id=\"112afb10\" data-element_type=\"column\" data-e-type=\"column\" data-settings=\"{&quot;background_background&quot;:&quot;gradient&quot;}\">\n\t\t\t<div class=\"elementor-widget-wrap elementor-element-populated\">\n\t\t\t\t\t\t<div class=\"elementor-element elementor-element-459f4e38 elementor-widget elementor-widget-heading\" data-id=\"459f4e38\" data-element_type=\"widget\" data-e-type=\"widget\" data-widget_type=\"heading.default\">\n\t\t\t\t<div class=\"elementor-widget-container\">\n\t\t\t\t\t<h1 class=\"elementor-heading-title elementor-size-default\">Your benefits in detail<\/h1>\t\t\t\t<\/div>\n\t\t\t\t<\/div>\n\t\t\t\t<div class=\"elementor-element elementor-element-840350c elementor-widget elementor-widget-text-editor\" data-id=\"840350c\" data-element_type=\"widget\" data-e-type=\"widget\" data-widget_type=\"text-editor.default\">\n\t\t\t\t<div class=\"elementor-widget-container\">\n\t\t\t\t\t\t\t\t\t<ul><li><h6 class=\"translation-block\"><strong>Detailed<\/strong> telephone <strong>consultation<\/strong> to discuss your wishes and ideas for your wedding venue (approx. 1 hour).<\/h6><\/li><li><h6 class=\"translation-block\"><strong>Venue research<\/strong> based on your criteria and wishes, including availability checks (approx. 5 to 7 venues).<\/h6><\/li><li><h6 class=\"translation-block\">Compilation and <strong>presentation<\/strong> of the venues (images, contact persons, costs, etc.).<\/h6><\/li><li><h6 class=\"translation-block\"><strong>Visit<\/strong> to two shortlisted venues, including final consultation.<\/h6><\/li><\/ul>\t\t\t\t\t\t\t\t<\/div>\n\t\t\t\t<\/div>\n\t\t\t\t\t<\/div>\n\t\t<\/div>\n\t\t\t\t\t<\/div>\n\t\t<\/section>\n\t\t\t\t<section class=\"elementor-section elementor-top-section elementor-element elementor-element-5d94c6f9 elementor-section-full_width elementor-section-content-middle elementor-reverse-tablet elementor-reverse-mobile elementor-section-height-default elementor-section-height-default\" data-id=\"5d94c6f9\" data-element_type=\"section\" data-e-type=\"section\" data-settings=\"{&quot;background_background&quot;:&quot;classic&quot;}\">\n\t\t\t\t\t\t<div class=\"elementor-container elementor-column-gap-default\">\n\t\t\t\t\t<div class=\"elementor-column elementor-col-100 elementor-top-column elementor-element elementor-element-2dfd40a5\" data-id=\"2dfd40a5\" data-element_type=\"column\" data-e-type=\"column\">\n\t\t\t<div class=\"elementor-widget-wrap elementor-element-populated\">\n\t\t\t\t\t\t<div class=\"elementor-element elementor-element-75403432 elementor-widget elementor-widget-heading\" data-id=\"75403432\" data-element_type=\"widget\" data-e-type=\"widget\" data-widget_type=\"heading.default\">\n\t\t\t\t<div class=\"elementor-widget-container\">\n\t\t\t\t\t<h2 class=\"elementor-heading-title elementor-size-default\">Enquire now and schedule your complimentary consultation.<\/h2>\t\t\t\t<\/div>\n\t\t\t\t<\/div>\n\t\t\t\t<div class=\"elementor-element elementor-element-9083d1c elementor-align-center elementor-widget elementor-widget-button\" data-id=\"9083d1c\" data-element_type=\"widget\" data-e-type=\"widget\" data-widget_type=\"button.default\">\n\t\t\t\t<div class=\"elementor-widget-container\">\n\t\t\t\t\t\t\t\t\t<div class=\"elementor-button-wrapper\">\n\t\t\t\t\t<a class=\"elementor-button elementor-button-link elementor-size-sm\" href=\"https:\/\/dreamglow-events.ch\/en\/kontakt\/\">\n\t\t\t\t\t\t<span class=\"elementor-button-content-wrapper\">\n\t\t\t\t\t\t\t\t\t<span class=\"elementor-button-text\">Book your complimentary consultation<\/span>\n\t\t\t\t\t<\/span>\n\t\t\t\t\t<\/a>\n\t\t\t\t<\/div>\n\t\t\t\t\t\t\t\t<\/div>\n\t\t\t\t<\/div>\n\t\t\t\t\t<\/div>\n\t\t<\/div>\n\t\t\t\t\t<\/div>\n\t\t<\/section>\n\t\t\t\t<\/div>","protected":false},"excerpt":{"rendered":"<p>Was beinhaltet die Dienstleistung Locationscout? DIE PERFEKTE KULISSE \u2013 EURE TRAUMLOCATION FINDEN Die Suche nach der perfekten Hochzeitslocation ist entscheidend f\u00fcr den Erfolg eurer Feier.\u00a0 Egal, ob ihr euch eine rustikale Scheune oder ein romantisches Schloss w\u00fcnscht, die Auswahl ist oft herausfordernd und von verschiedenen Kriterien wie Budget, G\u00e4stezahl und \u00dcbernachtungsm\u00f6glichkeiten abh\u00e4ngig. Selbst Schlechtwetter-Alternativen m\u00fcssen [&hellip;]<\/p>\n","protected":false},"author":1,"featured_media":0,"parent":0,"menu_order":0,"comment_status":"closed","ping_status":"closed","template":"elementor_header_footer","meta":{"footnotes":""},"class_list":["post-1253","page","type-page","status-publish","hentry"],"_links":{"self":[{"href":"https:\/\/dreamglow-events.ch\/en\/wp-json\/wp\/v2\/pages\/1253","targetHints":{"allow":["GET"]}}],"collection":[{"href":"https:\/\/dreamglow-events.ch\/en\/wp-json\/wp\/v2\/pages"}],"about":[{"href":"https:\/\/dreamglow-events.ch\/en\/wp-json\/wp\/v2\/types\/page"}],"author":[{"embeddable":true,"href":"https:\/\/dreamglow-events.ch\/en\/wp-json\/wp\/v2\/users\/1"}],"replies":[{"embeddable":true,"href":"https:\/\/dreamglow-events.ch\/en\/wp-json\/wp\/v2\/comments?post=1253"}],"version-history":[{"count":10,"href":"https:\/\/dreamglow-events.ch\/en\/wp-json\/wp\/v2\/pages\/1253\/revisions"}],"predecessor-version":[{"id":1974,"href":"https:\/\/dreamglow-events.ch\/en\/wp-json\/wp\/v2\/pages\/1253\/revisions\/1974"}],"wp:attachment":[{"href":"https:\/\/dreamglow-events.ch\/en\/wp-json\/wp\/v2\/media?parent=1253"}],"curies":[{"name":"wp","href":"https:\/\/api.w.org\/{rel}","templated":true}]}}