{"id":2712,"date":"2026-01-26T14:41:25","date_gmt":"2026-01-26T13:41:25","guid":{"rendered":"https:\/\/dreamglow-events.ch\/?page_id=2712"},"modified":"2026-01-26T14:44:01","modified_gmt":"2026-01-26T13:44:01","slug":"weddingcheck","status":"publish","type":"page","link":"https:\/\/dreamglow-events.ch\/en\/weddingcheck\/","title":{"rendered":"Wedding Check"},"content":{"rendered":"<div data-elementor-type=\"wp-page\" data-elementor-id=\"2712\" class=\"elementor elementor-2712\" data-elementor-post-type=\"page\">\n\t\t\t\t\t\t<section class=\"elementor-section elementor-top-section elementor-element elementor-element-713320d7 elementor-section-full_width elementor-section-content-middle elementor-reverse-tablet elementor-reverse-mobile elementor-section-height-default elementor-section-height-default\" data-id=\"713320d7\" data-element_type=\"section\" data-e-type=\"section\">\n\t\t\t\t\t\t<div class=\"elementor-container elementor-column-gap-default\">\n\t\t\t\t\t<div class=\"elementor-column elementor-col-50 elementor-top-column elementor-element elementor-element-1fd1f611\" data-id=\"1fd1f611\" data-element_type=\"column\" data-e-type=\"column\">\n\t\t\t<div class=\"elementor-widget-wrap elementor-element-populated\">\n\t\t\t\t\t\t<div class=\"elementor-element elementor-element-1a7122bd elementor-widget elementor-widget-heading\" data-id=\"1a7122bd\" data-element_type=\"widget\" data-e-type=\"widget\" data-widget_type=\"heading.default\">\n\t\t\t\t<div class=\"elementor-widget-container\">\n\t\t\t\t\t<h1 class=\"elementor-heading-title elementor-size-default\">Wedding-Check<\/h1>\t\t\t\t<\/div>\n\t\t\t\t<\/div>\n\t\t\t\t<div class=\"elementor-element elementor-element-3e8615ad elementor-widget elementor-widget-text-editor\" data-id=\"3e8615ad\" data-element_type=\"widget\" data-e-type=\"widget\" data-widget_type=\"text-editor.default\">\n\t\t\t\t<div class=\"elementor-widget-container\">\n\t\t\t\t\t\t\t\t\t<h2 style=\"font-family: var( --e-global-typography-secondary-font-family ), Sans-serif; font-weight: var( --e-global-typography-secondary-font-weight ); line-height: var( --e-global-typography-secondary-line-height ); color: #4e4e4e; font-size: var( --e-global-typography-secondary-font-size ); text-transform: var( --e-global-typography-secondary-text-transform ); font-style: normal; text-decoration-thickness: initial; text-decoration-style: initial; text-decoration-color: initial; letter-spacing: normal; word-spacing: 0px;\">Professional wedding consultation for couples planning their own wedding.<\/h2><p data-start=\"837\" data-end=\"1299\" class=\"translation-block\">Are you planning your wedding yourselves but want to make sure you have thought of everything? With the <strong>Wedding Check by Dreamglow Events<\/strong>, you receive a professional, honest, and independent review of your current wedding planning. As an experienced wedding planner from the Thun region, I support you in realistically and systematically reviewing your budget, timeline, suppliers, and overall concept for a stress free and well organised wedding.<\/p><p data-start=\"837\" data-end=\"1299\">\u00a0<\/p><p data-start=\"837\" data-end=\"1299\">\u00a0<\/p><p data-start=\"1301\" data-end=\"1767\">The Wedding Check is ideal for couples who wish to plan their wedding in Switzerland themselves but would like the perspective of an expert to avoid common planning mistakes. Together, we review your documents, discuss any open questions, and refine your timeline so that everything runs smoothly on your wedding day. You remain in control of every decision while I provide clarity, structure, and valuable advice to simplify your planning.<\/p><p data-start=\"1301\" data-end=\"1767\">\u00a0<\/p><p data-start=\"1769\" data-end=\"2056\">The consultation takes place conveniently online and offers you maximum flexibility. After our detailed conversation, you will receive a written summary with clear recommendations, to do items, and suggestions for optimisation. This way, you will know exactly which steps are most important next.<\/p><p data-start=\"1769\" data-end=\"2056\">\u00a0<\/p><p data-start=\"1769\" data-end=\"2056\">\u00a0<\/p><p data-start=\"2058\" data-end=\"2294\" class=\"translation-block\">If you are looking for a <strong>wedding consultation in Switzerland<\/strong>, a <strong>budget review for your wedding<\/strong>, a <strong>timeline review<\/strong>, or an <strong>expert opinion on your current planning<\/strong>, the Wedding Check is the perfect solution.<\/p><p data-start=\"2058\" data-end=\"2294\">\u00a0<\/p><p data-start=\"2296\" data-end=\"2316\"><strong>Price: CHF 380<\/strong><\/p>\t\t\t\t\t\t\t\t<\/div>\n\t\t\t\t<\/div>\n\t\t\t\t\t<\/div>\n\t\t<\/div>\n\t\t\t\t<div class=\"elementor-column elementor-col-50 elementor-top-column elementor-element elementor-element-1d39a1b\" data-id=\"1d39a1b\" data-element_type=\"column\" data-e-type=\"column\">\n\t\t\t<div class=\"elementor-widget-wrap elementor-element-populated\">\n\t\t\t\t\t\t<div class=\"elementor-element elementor-element-20d60deb elementor-widget elementor-widget-image\" data-id=\"20d60deb\" data-element_type=\"widget\" data-e-type=\"widget\" data-widget_type=\"image.default\">\n\t\t\t\t<div class=\"elementor-widget-container\">\n\t\t\t\t\t\t\t\t\t\t\t\t\t\t\t<img fetchpriority=\"high\" decoding=\"async\" width=\"2560\" height=\"1707\" src=\"https:\/\/dreamglow-events.ch\/wp-content\/uploads\/2025\/05\/SpringGlow_SS_02_Getting_Ready_Groom_JasminVifianFotografie-8-scaled.jpg\" class=\"attachment-full size-full wp-image-2162\" alt=\"\" srcset=\"https:\/\/dreamglow-events.ch\/wp-content\/uploads\/2025\/05\/SpringGlow_SS_02_Getting_Ready_Groom_JasminVifianFotografie-8-scaled.jpg 2560w, https:\/\/dreamglow-events.ch\/wp-content\/uploads\/2025\/05\/SpringGlow_SS_02_Getting_Ready_Groom_JasminVifianFotografie-8-300x200.jpg 300w, https:\/\/dreamglow-events.ch\/wp-content\/uploads\/2025\/05\/SpringGlow_SS_02_Getting_Ready_Groom_JasminVifianFotografie-8-1024x683.jpg 1024w, https:\/\/dreamglow-events.ch\/wp-content\/uploads\/2025\/05\/SpringGlow_SS_02_Getting_Ready_Groom_JasminVifianFotografie-8-768x512.jpg 768w, https:\/\/dreamglow-events.ch\/wp-content\/uploads\/2025\/05\/SpringGlow_SS_02_Getting_Ready_Groom_JasminVifianFotografie-8-1536x1024.jpg 1536w, https:\/\/dreamglow-events.ch\/wp-content\/uploads\/2025\/05\/SpringGlow_SS_02_Getting_Ready_Groom_JasminVifianFotografie-8-2048x1365.jpg 2048w\" sizes=\"(max-width: 2560px) 100vw, 2560px\" \/>\t\t\t\t\t\t\t\t\t\t\t\t\t\t\t<\/div>\n\t\t\t\t<\/div>\n\t\t\t\t\t<\/div>\n\t\t<\/div>\n\t\t\t\t\t<\/div>\n\t\t<\/section>\n\t\t\t\t<section class=\"elementor-section elementor-top-section elementor-element elementor-element-358d5253 elementor-section-full_width elementor-section-content-middle elementor-reverse-tablet elementor-reverse-mobile elementor-section-height-default elementor-section-height-default\" data-id=\"358d5253\" data-element_type=\"section\" data-e-type=\"section\" data-settings=\"{&quot;background_background&quot;:&quot;classic&quot;}\">\n\t\t\t\t\t\t<div class=\"elementor-container elementor-column-gap-default\">\n\t\t\t\t\t<div class=\"elementor-column elementor-col-50 elementor-top-column elementor-element elementor-element-75965127\" data-id=\"75965127\" data-element_type=\"column\" data-e-type=\"column\">\n\t\t\t<div class=\"elementor-widget-wrap elementor-element-populated\">\n\t\t\t\t\t\t<div class=\"elementor-element elementor-element-11fa2cec elementor-widget elementor-widget-image\" data-id=\"11fa2cec\" data-element_type=\"widget\" data-e-type=\"widget\" data-widget_type=\"image.default\">\n\t\t\t\t<div class=\"elementor-widget-container\">\n\t\t\t\t\t\t\t\t\t\t\t\t\t\t\t<img decoding=\"async\" width=\"2560\" height=\"1703\" src=\"https:\/\/dreamglow-events.ch\/wp-content\/uploads\/2025\/05\/Mint_passion_photography_StSh_weissenstein-69-scaled.jpg\" class=\"attachment-full size-full wp-image-2129\" alt=\"\" srcset=\"https:\/\/dreamglow-events.ch\/wp-content\/uploads\/2025\/05\/Mint_passion_photography_StSh_weissenstein-69-scaled.jpg 2560w, https:\/\/dreamglow-events.ch\/wp-content\/uploads\/2025\/05\/Mint_passion_photography_StSh_weissenstein-69-300x200.jpg 300w, https:\/\/dreamglow-events.ch\/wp-content\/uploads\/2025\/05\/Mint_passion_photography_StSh_weissenstein-69-1024x681.jpg 1024w, https:\/\/dreamglow-events.ch\/wp-content\/uploads\/2025\/05\/Mint_passion_photography_StSh_weissenstein-69-768x511.jpg 768w, https:\/\/dreamglow-events.ch\/wp-content\/uploads\/2025\/05\/Mint_passion_photography_StSh_weissenstein-69-1536x1022.jpg 1536w, https:\/\/dreamglow-events.ch\/wp-content\/uploads\/2025\/05\/Mint_passion_photography_StSh_weissenstein-69-2048x1363.jpg 2048w\" sizes=\"(max-width: 2560px) 100vw, 2560px\" \/>\t\t\t\t\t\t\t\t\t\t\t\t\t\t\t<\/div>\n\t\t\t\t<\/div>\n\t\t\t\t\t<\/div>\n\t\t<\/div>\n\t\t\t\t<div class=\"elementor-column elementor-col-50 elementor-top-column elementor-element elementor-element-112afb10\" data-id=\"112afb10\" data-element_type=\"column\" data-e-type=\"column\" data-settings=\"{&quot;background_background&quot;:&quot;gradient&quot;}\">\n\t\t\t<div class=\"elementor-widget-wrap elementor-element-populated\">\n\t\t\t\t\t\t<div class=\"elementor-element elementor-element-459f4e38 elementor-widget elementor-widget-heading\" data-id=\"459f4e38\" data-element_type=\"widget\" data-e-type=\"widget\" data-widget_type=\"heading.default\">\n\t\t\t\t<div class=\"elementor-widget-container\">\n\t\t\t\t\t<h1 class=\"elementor-heading-title elementor-size-default\">Your benefits in detail<\/h1>\t\t\t\t<\/div>\n\t\t\t\t<\/div>\n\t\t\t\t<div class=\"elementor-element elementor-element-840350c elementor-widget elementor-widget-text-editor\" data-id=\"840350c\" data-element_type=\"widget\" data-e-type=\"widget\" data-widget_type=\"text-editor.default\">\n\t\t\t\t<div class=\"elementor-widget-container\">\n\t\t\t\t\t\t\t\t\t<ul><li class=\"translation-block\"><strong>Professional review of your wedding planning<\/strong><br>I review your existing documents and identify gaps, potential risks, and opportunities for improvement.<\/li><li data-start=\"2467\" data-end=\"2562\" class=\"translation-block\">Budget analysis for your wedding\nRealistic assessment of costs, potential savings, and budget structure.<\/li><\/ul><ul><li data-start=\"2687\" data-end=\"2718\" class=\"translation-block\">Review of your wedding day timeline\nI optimise your schedule for a stress free wedding day, including buffers, logistics and time management.<\/li><\/ul><ul><li data-start=\"2826\" data-end=\"2872\" class=\"translation-block\">Review of your wedding suppliers\nAnalysis of contracts, agreements and key coordination points with your suppliers.<\/li><\/ul><ul><li data-start=\"2952\" data-end=\"2986\" class=\"translation-block\">Style and concept consultation\nReview of colours, decoration, floristry and the overall look and feel of your wedding concept.<\/li><\/ul><ul><li data-start=\"3077\" data-end=\"3113\"><p class=\"translation-block\">60 minute online consultation\nStructured discussion via Zoom focusing on your current stage of planning.<\/p><\/li><\/ul><ul><li data-start=\"3194\" data-end=\"3226\" class=\"translation-block\">Written summary\nAll recommendations, improvements and to do items in a clear and structured document.<\/li><\/ul>\t\t\t\t\t\t\t\t<\/div>\n\t\t\t\t<\/div>\n\t\t\t\t\t<\/div>\n\t\t<\/div>\n\t\t\t\t\t<\/div>\n\t\t<\/section>\n\t\t\t\t<section class=\"elementor-section elementor-top-section elementor-element elementor-element-5d94c6f9 elementor-section-full_width elementor-section-content-middle elementor-reverse-tablet elementor-reverse-mobile elementor-section-height-default elementor-section-height-default\" data-id=\"5d94c6f9\" data-element_type=\"section\" data-e-type=\"section\" data-settings=\"{&quot;background_background&quot;:&quot;classic&quot;}\">\n\t\t\t\t\t\t<div class=\"elementor-container elementor-column-gap-default\">\n\t\t\t\t\t<div class=\"elementor-column elementor-col-100 elementor-top-column elementor-element elementor-element-2dfd40a5\" data-id=\"2dfd40a5\" data-element_type=\"column\" data-e-type=\"column\">\n\t\t\t<div class=\"elementor-widget-wrap elementor-element-populated\">\n\t\t\t\t\t\t<div class=\"elementor-element elementor-element-75403432 elementor-widget elementor-widget-heading\" data-id=\"75403432\" data-element_type=\"widget\" data-e-type=\"widget\" data-widget_type=\"heading.default\">\n\t\t\t\t<div class=\"elementor-widget-container\">\n\t\t\t\t\t<h2 class=\"elementor-heading-title elementor-size-default\">Enquire now and schedule your complimentary consultation.<\/h2>\t\t\t\t<\/div>\n\t\t\t\t<\/div>\n\t\t\t\t<div class=\"elementor-element elementor-element-9083d1c elementor-align-center elementor-widget elementor-widget-button\" data-id=\"9083d1c\" data-element_type=\"widget\" data-e-type=\"widget\" data-widget_type=\"button.default\">\n\t\t\t\t<div class=\"elementor-widget-container\">\n\t\t\t\t\t\t\t\t\t<div class=\"elementor-button-wrapper\">\n\t\t\t\t\t<a class=\"elementor-button elementor-button-link elementor-size-sm\" href=\"https:\/\/dreamglow-events.ch\/en\/kontakt\/\">\n\t\t\t\t\t\t<span class=\"elementor-button-content-wrapper\">\n\t\t\t\t\t\t\t\t\t<span class=\"elementor-button-text\">Book your complimentary consultation<\/span>\n\t\t\t\t\t<\/span>\n\t\t\t\t\t<\/a>\n\t\t\t\t<\/div>\n\t\t\t\t\t\t\t\t<\/div>\n\t\t\t\t<\/div>\n\t\t\t\t\t<\/div>\n\t\t<\/div>\n\t\t\t\t\t<\/div>\n\t\t<\/section>\n\t\t\t\t<\/div>","protected":false},"excerpt":{"rendered":"<p>Wedding-Check professionelle Hochzeitsberatung f\u00fcr Paare, die ihre Hochzeit selbst planen Ihr plant eure Hochzeit selbst, m\u00f6chtet aber sicher sein, dass ihr an alles gedacht habt? Mit dem Wedding Check von Dreamglow Events erhaltet ihr eine professionelle, ehrliche und unabh\u00e4ngige \u00dcberpr\u00fcfung eurer bisherigen Hochzeitsplanung. Als erfahrene Hochzeitsplanerin aus der Region Thun unterst\u00fctze ich euch dabei, Budget, [&hellip;]<\/p>\n","protected":false},"author":1,"featured_media":0,"parent":0,"menu_order":0,"comment_status":"closed","ping_status":"closed","template":"elementor_header_footer","meta":{"footnotes":""},"class_list":["post-2712","page","type-page","status-publish","hentry"],"_links":{"self":[{"href":"https:\/\/dreamglow-events.ch\/en\/wp-json\/wp\/v2\/pages\/2712","targetHints":{"allow":["GET"]}}],"collection":[{"href":"https:\/\/dreamglow-events.ch\/en\/wp-json\/wp\/v2\/pages"}],"about":[{"href":"https:\/\/dreamglow-events.ch\/en\/wp-json\/wp\/v2\/types\/page"}],"author":[{"embeddable":true,"href":"https:\/\/dreamglow-events.ch\/en\/wp-json\/wp\/v2\/users\/1"}],"replies":[{"embeddable":true,"href":"https:\/\/dreamglow-events.ch\/en\/wp-json\/wp\/v2\/comments?post=2712"}],"version-history":[{"count":7,"href":"https:\/\/dreamglow-events.ch\/en\/wp-json\/wp\/v2\/pages\/2712\/revisions"}],"predecessor-version":[{"id":2719,"href":"https:\/\/dreamglow-events.ch\/en\/wp-json\/wp\/v2\/pages\/2712\/revisions\/2719"}],"wp:attachment":[{"href":"https:\/\/dreamglow-events.ch\/en\/wp-json\/wp\/v2\/media?parent=2712"}],"curies":[{"name":"wp","href":"https:\/\/api.w.org\/{rel}","templated":true}]}}