{"id":808,"date":"2024-05-21T14:52:26","date_gmt":"2024-05-21T12:52:26","guid":{"rendered":"https:\/\/dreamglow-events.ch\/kontakt\/"},"modified":"2026-03-10T16:49:04","modified_gmt":"2026-03-10T15:49:04","slug":"kontakt","status":"publish","type":"page","link":"https:\/\/dreamglow-events.ch\/en\/kontakt\/","title":{"rendered":"Contact"},"content":{"rendered":"\t\t<div data-elementor-type=\"wp-page\" data-elementor-id=\"808\" class=\"elementor elementor-808\" data-elementor-post-type=\"page\">\n\t\t\t\t\t\t<section class=\"elementor-section elementor-top-section elementor-element elementor-element-26ee41f5 elementor-section-full_width elementor-section-content-middle elementor-reverse-tablet elementor-reverse-mobile elementor-section-height-default elementor-section-height-default\" data-id=\"26ee41f5\" data-element_type=\"section\" data-e-type=\"section\" data-settings=\"{&quot;background_background&quot;:&quot;classic&quot;}\">\n\t\t\t\t\t\t<div class=\"elementor-container elementor-column-gap-no\">\n\t\t\t\t\t<div class=\"elementor-column elementor-col-100 elementor-top-column elementor-element elementor-element-43cf231e\" data-id=\"43cf231e\" data-element_type=\"column\" data-e-type=\"column\">\n\t\t\t<div class=\"elementor-widget-wrap elementor-element-populated\">\n\t\t\t\t\t\t<div class=\"elementor-element elementor-element-fb7d865 elementor-widget elementor-widget-heading\" data-id=\"fb7d865\" data-element_type=\"widget\" data-e-type=\"widget\" data-widget_type=\"heading.default\">\n\t\t\t\t<div class=\"elementor-widget-container\">\n\t\t\t\t\t<h1 class=\"elementor-heading-title elementor-size-default\">Jetzt kostenloses Beratungsgespr\u00e4ch vereinbaren:<\/h1>\t\t\t\t<\/div>\n\t\t\t\t<\/div>\n\t\t\t\t<div class=\"elementor-element elementor-element-511ccab1 elementor-widget elementor-widget-text-editor\" data-id=\"511ccab1\" data-element_type=\"widget\" data-e-type=\"widget\" data-widget_type=\"text-editor.default\">\n\t\t\t\t<div class=\"elementor-widget-container\">\n\t\t\t\t\t\t\t\t\t<p style=\"text-align: center;\"><strong>Vereinbare ein <\/strong>kostenloses Beratungsgespr\u00e4ch<strong> mit mir<\/strong> und wir schauen gemeinsam, wie ich euch bei der Planung eures grossen Tages unterst\u00fctzen kann!\u00a0<\/p><p style=\"text-align: center;\"><span style=\"background-color: var( --e-global-color-primary ); color: var( --e-global-color-text ); font-family: var( --e-global-typography-text-font-family ), Sans-serif; font-size: var( --e-global-typography-text-font-size ); font-style: var( --e-global-typography-text-font-style ); font-weight: var( --e-global-typography-text-font-weight ); letter-spacing: var( --e-global-typography-text-letter-spacing ); text-transform: var( --e-global-typography-text-text-transform ); word-spacing: var( --e-global-typography-text-word-spacing );\">Ich freue mich auf eure Anfrage! \ud83d\ude42<\/span><\/p>\t\t\t\t\t\t\t\t<\/div>\n\t\t\t\t<\/div>\n\t\t\t\t<section class=\"elementor-section elementor-inner-section elementor-element elementor-element-f7c0c96 elementor-section-content-middle elementor-section-boxed elementor-section-height-default elementor-section-height-default\" data-id=\"f7c0c96\" data-element_type=\"section\" data-e-type=\"section\">\n\t\t\t\t\t\t<div class=\"elementor-container elementor-column-gap-default\">\n\t\t\t\t\t<div class=\"elementor-column elementor-col-50 elementor-inner-column elementor-element elementor-element-313496cd\" data-id=\"313496cd\" data-element_type=\"column\" data-e-type=\"column\">\n\t\t\t<div class=\"elementor-widget-wrap elementor-element-populated\">\n\t\t\t\t\t\t<div class=\"elementor-element elementor-element-7869e0e elementor-button-align-stretch elementor-widget elementor-widget-form\" data-id=\"7869e0e\" data-element_type=\"widget\" data-e-type=\"widget\" data-settings=\"{&quot;step_next_label&quot;:&quot;Next&quot;,&quot;step_previous_label&quot;:&quot;Previous&quot;,&quot;button_width&quot;:&quot;100&quot;,&quot;step_type&quot;:&quot;number_text&quot;,&quot;step_icon_shape&quot;:&quot;circle&quot;}\" data-widget_type=\"form.default\">\n\t\t\t\t<div class=\"elementor-widget-container\">\n\t\t\t\t\t\t\t<form class=\"elementor-form\" method=\"post\" name=\"Kontaktomular\" aria-label=\"Kontaktomular\">\n\t\t\t<input type=\"hidden\" name=\"post_id\" value=\"808\"\/>\n\t\t\t<input type=\"hidden\" name=\"form_id\" value=\"7869e0e\"\/>\n\t\t\t<input type=\"hidden\" name=\"referer_title\" value=\"Kontakt - Dreamglow\" \/>\n\n\t\t\t\t\t\t\t<input type=\"hidden\" name=\"queried_id\" value=\"808\"\/>\n\t\t\t\n\t\t\t<div class=\"elementor-form-fields-wrapper elementor-labels-above\">\n\t\t\t\t\t\t\t\t<div class=\"elementor-field-type-text elementor-field-group elementor-column elementor-field-group-name elementor-col-100 elementor-field-required\">\n\t\t\t\t\t\t\t\t\t\t\t\t\t<input size=\"1\" type=\"text\" name=\"form_fields[name]\" id=\"form-field-name\" class=\"elementor-field elementor-size-sm  elementor-field-textual\" placeholder=\"Vor- und Nachname\" required=\"required\">\n\t\t\t\t\t\t\t\t\t\t\t<\/div>\n\t\t\t\t\t\t\t\t<div class=\"elementor-field-type-tel elementor-field-group elementor-column elementor-field-group-field_a852770 elementor-col-100 elementor-field-required\">\n\t\t\t\t\t\t\t<input size=\"1\" type=\"tel\" name=\"form_fields[field_a852770]\" id=\"form-field-field_a852770\" class=\"elementor-field elementor-size-sm  elementor-field-textual\" placeholder=\"Telefonnummer\" required=\"required\" pattern=\"[0-9()#&amp;+*-=.]+\" title=\"Only numbers or telephone symbols (#, -, , etc.) are accepted.\">\n\n\t\t\t\t\t\t<\/div>\n\t\t\t\t\t\t\t\t<div class=\"elementor-field-type-email elementor-field-group elementor-column elementor-field-group-email elementor-col-100 elementor-field-required\">\n\t\t\t\t\t\t\t\t\t\t\t\t\t<input size=\"1\" type=\"email\" name=\"form_fields[email]\" id=\"form-field-email\" class=\"elementor-field elementor-size-sm  elementor-field-textual\" placeholder=\"E-Mail Adresse\" required=\"required\">\n\t\t\t\t\t\t\t\t\t\t\t<\/div>\n\t\t\t\t\t\t\t\t<div class=\"elementor-field-type-checkbox elementor-field-group elementor-column elementor-field-group-field_bb62ede elementor-col-100\">\n\t\t\t\t\t\t\t\t\t\t\t\t<label for=\"form-field-field_bb62ede\" class=\"elementor-field-label\">\n\t\t\t\t\t\t\t\tBefindet Ihr euch aktuell schon in der Hochzeitsplanung?\t\t\t\t\t\t\t<\/label>\n\t\t\t\t\t\t<div class=\"elementor-field-subgroup  elementor-subgroup-inline\"><span class=\"elementor-field-option\"><input type=\"checkbox\" value=\"Ja\" id=\"form-field-field_bb62ede-0\" name=\"form_fields[field_bb62ede][]\"> <label for=\"form-field-field_bb62ede-0\">Ja<\/label><\/span><span class=\"elementor-field-option\"><input type=\"checkbox\" value=\"Nein\" id=\"form-field-field_bb62ede-1\" name=\"form_fields[field_bb62ede][]\"> <label for=\"form-field-field_bb62ede-1\">Nein<\/label><\/span><\/div>\t\t\t\t<\/div>\n\t\t\t\t\t\t\t\t<div class=\"elementor-field-type-text elementor-field-group elementor-column elementor-field-group-message elementor-col-100 elementor-field-required\">\n\t\t\t\t\t\t\t\t\t\t\t\t\t<input size=\"1\" type=\"text\" name=\"form_fields[message]\" id=\"form-field-message\" class=\"elementor-field elementor-size-sm  elementor-field-textual\" placeholder=\"Ungef\u00e4hre G\u00e4steanzahl\" required=\"required\">\n\t\t\t\t\t\t\t\t\t\t\t<\/div>\n\t\t\t\t\t\t\t\t<div class=\"elementor-field-type-select elementor-field-group elementor-column elementor-field-group-field_4f0d2e4 elementor-col-100 elementor-field-type-select-multiple elementor-field-required\">\n\t\t\t\t\t\t\t\t\t\t\t\t<label for=\"form-field-field_4f0d2e4\" class=\"elementor-field-label\">\n\t\t\t\t\t\t\t\tWelche Aussage treffen bei euch zu?\t\t\t\t\t\t\t<\/label>\n\t\t\t\t\t\t\t\t<div class=\"elementor-field elementor-select-wrapper remove-before \">\n\t\t\t<div class=\"select-caret-down-wrapper\">\n\t\t\t\t\t\t\t<\/div>\n\t\t\t<select name=\"form_fields[field_4f0d2e4][]\" id=\"form-field-field_4f0d2e4\" class=\"elementor-field-textual elementor-size-sm\" required=\"required\" multiple=\"\" size=\"6\">\n\t\t\t\t\t\t\t\t\t<option value=\"Wir sind uns unsicher, ob ein Hochzeitsplaner das Richtige f\u00fcr uns ist\">Wir sind uns unsicher, ob ein Hochzeitsplaner das Richtige f\u00fcr uns ist<\/option>\n\t\t\t\t\t\t\t\t\t<option value=\"Wir sind beruflich stark eingebunden &amp; haben wenig Zeit f\u00fcr die Hochzeitsplanung\">Wir sind beruflich stark eingebunden &amp; haben wenig Zeit f\u00fcr die Hochzeitsplanung<\/option>\n\t\t\t\t\t\t\t\t\t<option value=\"Wir haben Angst, bei der Planung etwas falsch zu machen.\">Wir haben Angst, bei der Planung etwas falsch zu machen.<\/option>\n\t\t\t\t\t\t\t\t\t<option value=\"Wir wollen uns mit unseren G\u00e4sten am Tag der Hochzeit komplett fallen lassen.\">Wir wollen uns mit unseren G\u00e4sten am Tag der Hochzeit komplett fallen lassen.<\/option>\n\t\t\t\t\t\t\t\t\t<option value=\"Wir ben\u00f6tigen Hilfe bei der Locationsuche\">Wir ben\u00f6tigen Hilfe bei der Locationsuche<\/option>\n\t\t\t\t\t\t\t\t\t<option value=\"Wir ben\u00f6tigen gewisses Dekorationsmaterial\">Wir ben\u00f6tigen gewisses Dekorationsmaterial<\/option>\n\t\t\t\t\t\t\t\t\t<option value=\"\"><\/option>\n\t\t\t\t\t\t\t<\/select>\n\t\t<\/div>\n\t\t\t\t\t\t<\/div>\n\t\t\t\t\t\t\t\t<div class=\"elementor-field-type-text elementor-field-group elementor-column elementor-field-group-field_2d4a99b elementor-col-100 elementor-field-required\">\n\t\t\t\t\t\t\t\t\t\t\t\t<label for=\"form-field-field_2d4a99b\" class=\"elementor-field-label\">\n\t\t\t\t\t\t\t\tBeschreibt kurz, wie ihr euch euren Traumtag vorstellt\t\t\t\t\t\t\t<\/label>\n\t\t\t\t\t\t\t\t\t\t\t\t\t\t<input size=\"1\" type=\"text\" name=\"form_fields[field_2d4a99b]\" id=\"form-field-field_2d4a99b\" class=\"elementor-field elementor-size-sm  elementor-field-textual\" placeholder=\"Eure Vorstellungen, W\u00fcnsche, Ziele\" required=\"required\">\n\t\t\t\t\t\t\t\t\t\t\t<\/div>\n\t\t\t\t\t\t\t\t<div class=\"elementor-field-type-checkbox elementor-field-group elementor-column elementor-field-group-field_54cf886 elementor-col-100\">\n\t\t\t\t\t\t\t\t\t\t\t\t<label for=\"form-field-field_54cf886\" class=\"elementor-field-label\">\n\t\t\t\t\t\t\t\tWie hoch ist euer geplantes Hochzeitsbudget?\t\t\t\t\t\t\t<\/label>\n\t\t\t\t\t\t<div class=\"elementor-field-subgroup  \"><span class=\"elementor-field-option\"><input type=\"checkbox\" value=\"unter CHF 30&#039;000\" id=\"form-field-field_54cf886-0\" name=\"form_fields[field_54cf886][]\"> <label for=\"form-field-field_54cf886-0\">unter CHF 30'000<\/label><\/span><span class=\"elementor-field-option\"><input type=\"checkbox\" value=\"CHF 30&#039;000 bis CHF 45&#039;000\" id=\"form-field-field_54cf886-1\" name=\"form_fields[field_54cf886][]\"> <label for=\"form-field-field_54cf886-1\">CHF 30'000 bis CHF 45'000<\/label><\/span><span class=\"elementor-field-option\"><input type=\"checkbox\" value=\"CHF 45&#039;000 bis CHF 60&#039;000\" id=\"form-field-field_54cf886-2\" name=\"form_fields[field_54cf886][]\"> <label for=\"form-field-field_54cf886-2\">CHF 45'000 bis CHF 60'000<\/label><\/span><span class=\"elementor-field-option\"><input type=\"checkbox\" value=\"CHF 60&#039;000 bis CHF 80&#039;000\" id=\"form-field-field_54cf886-3\" name=\"form_fields[field_54cf886][]\"> <label for=\"form-field-field_54cf886-3\">CHF 60'000 bis CHF 80'000<\/label><\/span><span class=\"elementor-field-option\"><input type=\"checkbox\" value=\"\u00fcber CHF 80&#039;000\" id=\"form-field-field_54cf886-4\" name=\"form_fields[field_54cf886][]\"> <label for=\"form-field-field_54cf886-4\">\u00fcber CHF 80'000<\/label><\/span><\/div>\t\t\t\t<\/div>\n\t\t\t\t\t\t\t\t<div class=\"elementor-field-type-text elementor-field-group elementor-column elementor-field-group-field_27c370b elementor-col-100 elementor-field-required\">\n\t\t\t\t\t\t\t\t\t\t\t\t<label for=\"form-field-field_27c370b\" class=\"elementor-field-label\">\n\t\t\t\t\t\t\t\tZum Schluss: Gibt es einen besonderen Grund, warum ihr ein Beratungsgespr\u00e4ch mit mir haben wollt?\t\t\t\t\t\t\t<\/label>\n\t\t\t\t\t\t\t\t\t\t\t\t\t\t<input size=\"1\" type=\"text\" name=\"form_fields[field_27c370b]\" id=\"form-field-field_27c370b\" class=\"elementor-field elementor-size-sm  elementor-field-textual\" required=\"required\">\n\t\t\t\t\t\t\t\t\t\t\t<\/div>\n\t\t\t\t\t\t\t\t<div class=\"elementor-field-group elementor-column elementor-field-type-submit elementor-col-100 e-form__buttons\">\n\t\t\t\t\t<button class=\"elementor-button elementor-size-sm\" type=\"submit\">\n\t\t\t\t\t\t<span class=\"elementor-button-content-wrapper\">\n\t\t\t\t\t\t\t\t\t\t\t\t\t\t\t\t\t\t\t\t\t\t<span class=\"elementor-button-text\">Absenden<\/span>\n\t\t\t\t\t\t\t\t\t\t\t\t\t<\/span>\n\t\t\t\t\t<\/button>\n\t\t\t\t<\/div>\n\t\t\t<\/div>\n\t\t<\/form>\n\t\t\t\t\t\t<\/div>\n\t\t\t\t<\/div>\n\t\t\t\t\t<\/div>\n\t\t<\/div>\n\t\t\t\t<div class=\"elementor-column elementor-col-50 elementor-inner-column elementor-element elementor-element-6d8fecb\" data-id=\"6d8fecb\" data-element_type=\"column\" data-e-type=\"column\">\n\t\t\t<div class=\"elementor-widget-wrap elementor-element-populated\">\n\t\t\t\t\t\t<div class=\"elementor-element elementor-element-16122e82 elementor-widget elementor-widget-image\" data-id=\"16122e82\" data-element_type=\"widget\" data-e-type=\"widget\" data-widget_type=\"image.default\">\n\t\t\t\t<div class=\"elementor-widget-container\">\n\t\t\t\t\t\t\t\t\t\t\t\t\t\t\t<img fetchpriority=\"high\" decoding=\"async\" width=\"1701\" height=\"2299\" src=\"https:\/\/dreamglow-events.ch\/wp-content\/uploads\/2024\/10\/Hochzeitsplanung-by-Lea-Bern-Thunersee-Brienzersee-Telefongespraech-scaled-e1729174444399.jpg\" class=\"attachment-full size-full wp-image-2035\" alt=\"\" srcset=\"https:\/\/dreamglow-events.ch\/wp-content\/uploads\/2024\/10\/Hochzeitsplanung-by-Lea-Bern-Thunersee-Brienzersee-Telefongespraech-scaled-e1729174444399.jpg 1701w, https:\/\/dreamglow-events.ch\/wp-content\/uploads\/2024\/10\/Hochzeitsplanung-by-Lea-Bern-Thunersee-Brienzersee-Telefongespraech-scaled-e1729174444399-222x300.jpg 222w, https:\/\/dreamglow-events.ch\/wp-content\/uploads\/2024\/10\/Hochzeitsplanung-by-Lea-Bern-Thunersee-Brienzersee-Telefongespraech-scaled-e1729174444399-758x1024.jpg 758w, https:\/\/dreamglow-events.ch\/wp-content\/uploads\/2024\/10\/Hochzeitsplanung-by-Lea-Bern-Thunersee-Brienzersee-Telefongespraech-scaled-e1729174444399-768x1038.jpg 768w, https:\/\/dreamglow-events.ch\/wp-content\/uploads\/2024\/10\/Hochzeitsplanung-by-Lea-Bern-Thunersee-Brienzersee-Telefongespraech-scaled-e1729174444399-1136x1536.jpg 1136w, https:\/\/dreamglow-events.ch\/wp-content\/uploads\/2024\/10\/Hochzeitsplanung-by-Lea-Bern-Thunersee-Brienzersee-Telefongespraech-scaled-e1729174444399-1515x2048.jpg 1515w\" sizes=\"(max-width: 1701px) 100vw, 1701px\" \/>\t\t\t\t\t\t\t\t\t\t\t\t\t\t\t<\/div>\n\t\t\t\t<\/div>\n\t\t\t\t\t<\/div>\n\t\t<\/div>\n\t\t\t\t\t<\/div>\n\t\t<\/section>\n\t\t\t\t\t<\/div>\n\t\t<\/div>\n\t\t\t\t\t<\/div>\n\t\t<\/section>\n\t\t\t\t<\/div>\n\t\t","protected":false},"excerpt":{"rendered":"<p>Jetzt kostenloses Beratungsgespr\u00e4ch vereinbaren: Vereinbare ein kostenloses Beratungsgespr\u00e4ch mit mir und wir schauen gemeinsam, wie ich euch bei der Planung eures grossen Tages unterst\u00fctzen kann!\u00a0 Ich freue mich auf eure Anfrage! \ud83d\ude42<\/p>","protected":false},"author":1,"featured_media":0,"parent":0,"menu_order":0,"comment_status":"closed","ping_status":"closed","template":"elementor_header_footer","meta":{"footnotes":""},"class_list":["post-808","page","type-page","status-publish","hentry"],"_links":{"self":[{"href":"https:\/\/dreamglow-events.ch\/en\/wp-json\/wp\/v2\/pages\/808","targetHints":{"allow":["GET"]}}],"collection":[{"href":"https:\/\/dreamglow-events.ch\/en\/wp-json\/wp\/v2\/pages"}],"about":[{"href":"https:\/\/dreamglow-events.ch\/en\/wp-json\/wp\/v2\/types\/page"}],"author":[{"embeddable":true,"href":"https:\/\/dreamglow-events.ch\/en\/wp-json\/wp\/v2\/users\/1"}],"replies":[{"embeddable":true,"href":"https:\/\/dreamglow-events.ch\/en\/wp-json\/wp\/v2\/comments?post=808"}],"version-history":[{"count":10,"href":"https:\/\/dreamglow-events.ch\/en\/wp-json\/wp\/v2\/pages\/808\/revisions"}],"predecessor-version":[{"id":2787,"href":"https:\/\/dreamglow-events.ch\/en\/wp-json\/wp\/v2\/pages\/808\/revisions\/2787"}],"wp:attachment":[{"href":"https:\/\/dreamglow-events.ch\/en\/wp-json\/wp\/v2\/media?parent=808"}],"curies":[{"name":"wp","href":"https:\/\/api.w.org\/{rel}","templated":true}]}}