{"id":820,"date":"2024-05-21T14:52:28","date_gmt":"2024-05-21T12:52:28","guid":{"rendered":"https:\/\/dreamglow-events.ch\/ueber-mich\/"},"modified":"2026-01-27T15:46:54","modified_gmt":"2026-01-27T14:46:54","slug":"ueber-mich","status":"publish","type":"page","link":"https:\/\/dreamglow-events.ch\/en\/ueber-mich\/","title":{"rendered":"About me"},"content":{"rendered":"\t\t<div data-elementor-type=\"wp-page\" data-elementor-id=\"820\" class=\"elementor elementor-820\" data-elementor-post-type=\"page\">\n\t\t\t\t\t\t<section class=\"elementor-section elementor-top-section elementor-element elementor-element-158998d5 elementor-section-full_width elementor-section-content-middle elementor-section-height-default elementor-section-height-default\" data-id=\"158998d5\" data-element_type=\"section\" data-e-type=\"section\" data-settings=\"{&quot;background_background&quot;:&quot;slideshow&quot;,&quot;background_slideshow_gallery&quot;:[],&quot;background_slideshow_loop&quot;:&quot;yes&quot;,&quot;background_slideshow_slide_duration&quot;:5000,&quot;background_slideshow_slide_transition&quot;:&quot;fade&quot;,&quot;background_slideshow_transition_duration&quot;:500}\">\n\t\t\t\t\t\t<div class=\"elementor-container elementor-column-gap-no\">\n\t\t\t\t\t<div class=\"elementor-column elementor-col-50 elementor-top-column elementor-element elementor-element-1e91fce2\" data-id=\"1e91fce2\" data-element_type=\"column\" data-e-type=\"column\" data-settings=\"{&quot;background_background&quot;:&quot;classic&quot;}\">\n\t\t\t<div class=\"elementor-widget-wrap elementor-element-populated\">\n\t\t\t\t\t\t<div class=\"elementor-element elementor-element-e735239 elementor-widget elementor-widget-image\" data-id=\"e735239\" data-element_type=\"widget\" data-e-type=\"widget\" data-widget_type=\"image.default\">\n\t\t\t\t<div class=\"elementor-widget-container\">\n\t\t\t\t\t\t\t\t\t\t\t\t\t\t\t<img fetchpriority=\"high\" decoding=\"async\" width=\"768\" height=\"1152\" src=\"https:\/\/dreamglow-events.ch\/wp-content\/uploads\/2025\/06\/Styledshoot_Thun-48-768x1152.jpg\" class=\"attachment-medium_large size-medium_large wp-image-2291\" alt=\"\" srcset=\"https:\/\/dreamglow-events.ch\/wp-content\/uploads\/2025\/06\/Styledshoot_Thun-48-768x1152.jpg 768w, https:\/\/dreamglow-events.ch\/wp-content\/uploads\/2025\/06\/Styledshoot_Thun-48-200x300.jpg 200w, https:\/\/dreamglow-events.ch\/wp-content\/uploads\/2025\/06\/Styledshoot_Thun-48-683x1024.jpg 683w, https:\/\/dreamglow-events.ch\/wp-content\/uploads\/2025\/06\/Styledshoot_Thun-48-1024x1536.jpg 1024w, https:\/\/dreamglow-events.ch\/wp-content\/uploads\/2025\/06\/Styledshoot_Thun-48-1365x2048.jpg 1365w, https:\/\/dreamglow-events.ch\/wp-content\/uploads\/2025\/06\/Styledshoot_Thun-48-scaled.jpg 1707w\" sizes=\"(max-width: 768px) 100vw, 768px\" \/>\t\t\t\t\t\t\t\t\t\t\t\t\t\t\t<\/div>\n\t\t\t\t<\/div>\n\t\t\t\t\t<\/div>\n\t\t<\/div>\n\t\t\t\t<div class=\"elementor-column elementor-col-50 elementor-top-column elementor-element elementor-element-51185a5e\" data-id=\"51185a5e\" data-element_type=\"column\" data-e-type=\"column\">\n\t\t\t<div class=\"elementor-widget-wrap elementor-element-populated\">\n\t\t\t\t\t\t<section class=\"elementor-section elementor-inner-section elementor-element elementor-element-5f4ed00f elementor-section-full_width elementor-section-height-default elementor-section-height-default\" data-id=\"5f4ed00f\" data-element_type=\"section\" data-e-type=\"section\">\n\t\t\t\t\t\t<div class=\"elementor-container elementor-column-gap-no\">\n\t\t\t\t\t<div class=\"elementor-column elementor-col-100 elementor-inner-column elementor-element elementor-element-5d83439e\" data-id=\"5d83439e\" data-element_type=\"column\" data-e-type=\"column\">\n\t\t\t<div class=\"elementor-widget-wrap elementor-element-populated\">\n\t\t\t\t\t\t<div class=\"elementor-element elementor-element-70fb683f elementor-widget elementor-widget-heading\" data-id=\"70fb683f\" data-element_type=\"widget\" data-e-type=\"widget\" data-widget_type=\"heading.default\">\n\t\t\t\t<div class=\"elementor-widget-container\">\n\t\t\t\t\t<h1 class=\"elementor-heading-title elementor-size-default\">Hi, Ich bin Lea, eure Hochzeits\u00ad- &amp; Eventplanerin<\/h1>\t\t\t\t<\/div>\n\t\t\t\t<\/div>\n\t\t\t\t\t<\/div>\n\t\t<\/div>\n\t\t\t\t\t<\/div>\n\t\t<\/section>\n\t\t\t\t<section class=\"elementor-section elementor-inner-section elementor-element elementor-element-43ee6d36 elementor-section-full_width elementor-section-content-middle elementor-section-height-default elementor-section-height-default\" data-id=\"43ee6d36\" data-element_type=\"section\" data-e-type=\"section\" data-settings=\"{&quot;background_background&quot;:&quot;classic&quot;}\">\n\t\t\t\t\t\t<div class=\"elementor-container elementor-column-gap-no\">\n\t\t\t\t\t<div class=\"elementor-column elementor-col-100 elementor-inner-column elementor-element elementor-element-7f9e0227\" data-id=\"7f9e0227\" data-element_type=\"column\" data-e-type=\"column\" data-settings=\"{&quot;background_background&quot;:&quot;classic&quot;}\">\n\t\t\t<div class=\"elementor-widget-wrap elementor-element-populated\">\n\t\t\t\t\t\t<div class=\"elementor-element elementor-element-5404fef6 elementor-widget elementor-widget-text-editor\" data-id=\"5404fef6\" data-element_type=\"widget\" data-e-type=\"widget\" data-widget_type=\"text-editor.default\">\n\t\t\t\t<div class=\"elementor-widget-container\">\n\t\t\t\t\t\t\t\t\t<p data-start=\"605\" data-end=\"759\"><em data-start=\"655\" data-end=\"759\">\u201eLet your dreams shine bright\u201c \u2013 dieser Leitsatz ist nicht nur mein Slogan, sondern meine \u00dcberzeugung.<\/em><\/p><p data-start=\"605\" data-end=\"759\"><em data-start=\"655\" data-end=\"759\"><br><\/em><\/p>\n<p data-start=\"761\" data-end=\"1034\">Schon als Kind habe ich es geliebt, besondere Momente zu inszenieren \u2013 Geburtstagsfeste, \u00dcberraschungen oder kleine Familientreffen. Heute plane ich als diplomierte Marketingfachfrau und zertifizierte Hochzeits- und Eventplanerin emotionale Erlebnisse mit Konzept und Stil.<\/p><p data-start=\"761\" data-end=\"1034\"><br><\/p>\n<p data-start=\"1036\" data-end=\"1352\">Ich bin \u00fcberzeugt: Jeder Event erz\u00e4hlt eine Geschichte \u2013 und diese sollte authentisch, \u00e4sthetisch und voller Herz sein. Genau das lebe ich bei Dreamglow Events. Ich begleite Paare und Kund:innen mit Empathie, Struktur und einem wachen Blick f\u00fcr das, was wirklich z\u00e4hlt \u2013 vom ersten Kennenlernen bis zum letzten Tanz.<\/p><p data-start=\"1036\" data-end=\"1352\"><br><\/p>\n<p data-start=\"1354\" data-end=\"1655\">Mein Herz schl\u00e4gt f\u00fcr hochwertige Details, echte Emotionen und die kleinen G\u00e4nsehautmomente. Dabei spielt es keine Rolle, ob es eine intime Trauung im Garten, ein elegantes Fest am See oder ein modernes Firmenjubil\u00e4um ist \u2013 ich finde immer den passenden Rahmen, der euch und eure Vision widerspiegelt.<\/p>\t\t\t\t\t\t\t\t<\/div>\n\t\t\t\t<\/div>\n\t\t\t\t<div class=\"elementor-element elementor-element-6846e57c elementor-align-left elementor-mobile-align-left elementor-widget-mobile__width-inherit elementor-widget elementor-widget-button\" data-id=\"6846e57c\" data-element_type=\"widget\" data-e-type=\"widget\" data-settings=\"{&quot;motion_fx_motion_fx_scrolling&quot;:&quot;yes&quot;,&quot;motion_fx_scale_effect&quot;:&quot;yes&quot;,&quot;motion_fx_scale_direction&quot;:&quot;in-out&quot;,&quot;motion_fx_scale_speed&quot;:{&quot;unit&quot;:&quot;px&quot;,&quot;size&quot;:&quot;1&quot;,&quot;sizes&quot;:[]},&quot;motion_fx_scale_range&quot;:{&quot;unit&quot;:&quot;%&quot;,&quot;size&quot;:&quot;&quot;,&quot;sizes&quot;:{&quot;start&quot;:&quot;0&quot;,&quot;end&quot;:&quot;25&quot;}},&quot;motion_fx_devices&quot;:[&quot;desktop&quot;,&quot;tablet&quot;,&quot;mobile&quot;]}\" data-widget_type=\"button.default\">\n\t\t\t\t<div class=\"elementor-widget-container\">\n\t\t\t\t\t\t\t\t\t<div class=\"elementor-button-wrapper\">\n\t\t\t\t\t<a class=\"elementor-button elementor-button-link elementor-size-sm\" href=\"https:\/\/dreamglow-events.ch\/en\/kontakt\/\">\n\t\t\t\t\t\t<span class=\"elementor-button-content-wrapper\">\n\t\t\t\t\t\t\t\t\t<span class=\"elementor-button-text\">Jetzt Beratungsgespr\u00e4ch vereinbaren<\/span>\n\t\t\t\t\t<\/span>\n\t\t\t\t\t<\/a>\n\t\t\t\t<\/div>\n\t\t\t\t\t\t\t\t<\/div>\n\t\t\t\t<\/div>\n\t\t\t\t\t<\/div>\n\t\t<\/div>\n\t\t\t\t\t<\/div>\n\t\t<\/section>\n\t\t\t\t\t<\/div>\n\t\t<\/div>\n\t\t\t\t\t<\/div>\n\t\t<\/section>\n\t\t\t\t<section class=\"elementor-section elementor-top-section elementor-element elementor-element-a8cbe37 elementor-section-full_width elementor-section-content-middle elementor-section-height-default elementor-section-height-default\" data-id=\"a8cbe37\" data-element_type=\"section\" data-e-type=\"section\" data-settings=\"{&quot;background_background&quot;:&quot;classic&quot;}\">\n\t\t\t\t\t\t<div class=\"elementor-container elementor-column-gap-no\">\n\t\t\t\t\t<div class=\"elementor-column elementor-col-50 elementor-top-column elementor-element elementor-element-27ed485\" data-id=\"27ed485\" data-element_type=\"column\" data-e-type=\"column\" data-settings=\"{&quot;background_background&quot;:&quot;classic&quot;}\">\n\t\t\t<div class=\"elementor-widget-wrap elementor-element-populated\">\n\t\t\t\t\t\t<section class=\"elementor-section elementor-inner-section elementor-element elementor-element-5bb84f0 elementor-section-full_width elementor-section-content-middle elementor-section-height-default elementor-section-height-default\" data-id=\"5bb84f0\" data-element_type=\"section\" data-e-type=\"section\" data-settings=\"{&quot;background_background&quot;:&quot;classic&quot;}\">\n\t\t\t\t\t\t<div class=\"elementor-container elementor-column-gap-no\">\n\t\t\t\t\t<div class=\"elementor-column elementor-col-100 elementor-inner-column elementor-element elementor-element-4b227bd\" data-id=\"4b227bd\" data-element_type=\"column\" data-e-type=\"column\" data-settings=\"{&quot;background_background&quot;:&quot;classic&quot;}\">\n\t\t\t<div class=\"elementor-widget-wrap elementor-element-populated\">\n\t\t\t\t\t\t<div class=\"elementor-element elementor-element-ac925dc elementor-widget__width-initial elementor-widget elementor-widget-heading\" data-id=\"ac925dc\" data-element_type=\"widget\" data-e-type=\"widget\" data-widget_type=\"heading.default\">\n\t\t\t\t<div class=\"elementor-widget-container\">\n\t\t\t\t\t<h2 class=\"elementor-heading-title elementor-size-default\">Das bin ich \u2013 ganz pers\u00f6nlich<\/h2>\t\t\t\t<\/div>\n\t\t\t\t<\/div>\n\t\t\t\t<div class=\"elementor-element elementor-element-ca2e39b elementor-widget elementor-widget-text-editor\" data-id=\"ca2e39b\" data-element_type=\"widget\" data-e-type=\"widget\" data-widget_type=\"text-editor.default\">\n\t\t\t\t<div class=\"elementor-widget-container\">\n\t\t\t\t\t\t\t\t\t<p>26 Jahre alt, verheiratet und Gotte eines kleinen M\u00e4dchens \u2013 Familie bedeutet mir alles.<\/p><p><br><\/p>\n<p>Mein Tag startet mit einem grossen Kaffee (Milchsorte je nach Stimmung!) und einer klaren To-do-Liste.<\/p><p><br><\/p>\n<p>Ich lebe mit meinem Mann in der N\u00e4he von Thun \u2013 See und Berge geben mir t\u00e4glich neue Inspiration.<\/p>\n<p>Ich liebe es, kreativ zu sein \u2013 sei es beim Planen, Basteln mit dem Cricut oder beim Umgestalten unseres Zuhauses.<\/p><p><br><\/p>\n<p>In meiner Freizeit bin ich gerne draussen mit der Kamera, plane neue Ideen f\u00fcr Instagram oder treffe Freundinnen auf eine Kugel Eis.<\/p><p><br><\/p>\n<p>Unsere eigene Hochzeit im Ausland war eines der emotionalsten Erlebnisse \u2013 und hat mir gezeigt, wie viel Tiefe und Bedeutung in einer Feier stecken kann.<\/p>\t\t\t\t\t\t\t\t<\/div>\n\t\t\t\t<\/div>\n\t\t\t\t\t<\/div>\n\t\t<\/div>\n\t\t\t\t\t<\/div>\n\t\t<\/section>\n\t\t\t\t\t<\/div>\n\t\t<\/div>\n\t\t\t\t<div class=\"elementor-column elementor-col-50 elementor-top-column elementor-element elementor-element-bab17fd\" data-id=\"bab17fd\" data-element_type=\"column\" data-e-type=\"column\">\n\t\t\t<div class=\"elementor-widget-wrap elementor-element-populated\">\n\t\t\t\t\t\t<div class=\"elementor-element elementor-element-b834723 elementor-widget elementor-widget-image\" data-id=\"b834723\" data-element_type=\"widget\" data-e-type=\"widget\" data-widget_type=\"image.default\">\n\t\t\t\t<div class=\"elementor-widget-container\">\n\t\t\t\t\t\t\t\t\t\t\t\t\t\t\t<img decoding=\"async\" width=\"800\" height=\"534\" src=\"https:\/\/dreamglow-events.ch\/wp-content\/uploads\/2025\/06\/AM_parkhotel_gunten-172-1024x683.jpg\" class=\"attachment-large size-large wp-image-2300\" alt=\"\" srcset=\"https:\/\/dreamglow-events.ch\/wp-content\/uploads\/2025\/06\/AM_parkhotel_gunten-172-1024x683.jpg 1024w, https:\/\/dreamglow-events.ch\/wp-content\/uploads\/2025\/06\/AM_parkhotel_gunten-172-300x200.jpg 300w, https:\/\/dreamglow-events.ch\/wp-content\/uploads\/2025\/06\/AM_parkhotel_gunten-172-768x512.jpg 768w, https:\/\/dreamglow-events.ch\/wp-content\/uploads\/2025\/06\/AM_parkhotel_gunten-172-1536x1024.jpg 1536w, https:\/\/dreamglow-events.ch\/wp-content\/uploads\/2025\/06\/AM_parkhotel_gunten-172-2048x1365.jpg 2048w\" sizes=\"(max-width: 800px) 100vw, 800px\" \/>\t\t\t\t\t\t\t\t\t\t\t\t\t\t\t<\/div>\n\t\t\t\t<\/div>\n\t\t\t\t\t<\/div>\n\t\t<\/div>\n\t\t\t\t\t<\/div>\n\t\t<\/section>\n\t\t\t\t<section class=\"elementor-section elementor-top-section elementor-element elementor-element-8feb57b elementor-section-full_width elementor-section-content-middle elementor-section-height-default elementor-section-height-default\" data-id=\"8feb57b\" data-element_type=\"section\" data-e-type=\"section\" data-settings=\"{&quot;background_background&quot;:&quot;slideshow&quot;,&quot;background_slideshow_gallery&quot;:[],&quot;background_slideshow_loop&quot;:&quot;yes&quot;,&quot;background_slideshow_slide_duration&quot;:5000,&quot;background_slideshow_slide_transition&quot;:&quot;fade&quot;,&quot;background_slideshow_transition_duration&quot;:500}\">\n\t\t\t\t\t\t<div class=\"elementor-container elementor-column-gap-no\">\n\t\t\t\t\t<div class=\"elementor-column elementor-col-50 elementor-top-column elementor-element elementor-element-4244d25\" data-id=\"4244d25\" data-element_type=\"column\" data-e-type=\"column\" data-settings=\"{&quot;background_background&quot;:&quot;classic&quot;}\">\n\t\t\t<div class=\"elementor-widget-wrap elementor-element-populated\">\n\t\t\t\t\t\t<div class=\"elementor-element elementor-element-a2f7329 elementor-widget elementor-widget-image\" data-id=\"a2f7329\" data-element_type=\"widget\" data-e-type=\"widget\" data-widget_type=\"image.default\">\n\t\t\t\t<div class=\"elementor-widget-container\">\n\t\t\t\t\t\t\t\t\t\t\t\t\t\t\t<img decoding=\"async\" width=\"800\" height=\"601\" src=\"https:\/\/dreamglow-events.ch\/wp-content\/uploads\/2024\/08\/Hochzeitsplanung-by-Lea-Bern-Thunersee-Brienzersee-Besprechung-mit-Brautpaar-scaled-e1723638283757-1024x769.jpg\" class=\"attachment-large size-large wp-image-1628\" alt=\"\" srcset=\"https:\/\/dreamglow-events.ch\/wp-content\/uploads\/2024\/08\/Hochzeitsplanung-by-Lea-Bern-Thunersee-Brienzersee-Besprechung-mit-Brautpaar-scaled-e1723638283757-1024x769.jpg 1024w, https:\/\/dreamglow-events.ch\/wp-content\/uploads\/2024\/08\/Hochzeitsplanung-by-Lea-Bern-Thunersee-Brienzersee-Besprechung-mit-Brautpaar-scaled-e1723638283757-300x225.jpg 300w, https:\/\/dreamglow-events.ch\/wp-content\/uploads\/2024\/08\/Hochzeitsplanung-by-Lea-Bern-Thunersee-Brienzersee-Besprechung-mit-Brautpaar-scaled-e1723638283757-768x577.jpg 768w, https:\/\/dreamglow-events.ch\/wp-content\/uploads\/2024\/08\/Hochzeitsplanung-by-Lea-Bern-Thunersee-Brienzersee-Besprechung-mit-Brautpaar-scaled-e1723638283757-1536x1154.jpg 1536w, https:\/\/dreamglow-events.ch\/wp-content\/uploads\/2024\/08\/Hochzeitsplanung-by-Lea-Bern-Thunersee-Brienzersee-Besprechung-mit-Brautpaar-scaled-e1723638283757-2048x1539.jpg 2048w\" sizes=\"(max-width: 800px) 100vw, 800px\" \/>\t\t\t\t\t\t\t\t\t\t\t\t\t\t\t<\/div>\n\t\t\t\t<\/div>\n\t\t\t\t\t<\/div>\n\t\t<\/div>\n\t\t\t\t<div class=\"elementor-column elementor-col-50 elementor-top-column elementor-element elementor-element-320cd3c\" data-id=\"320cd3c\" data-element_type=\"column\" data-e-type=\"column\">\n\t\t\t<div class=\"elementor-widget-wrap elementor-element-populated\">\n\t\t\t\t\t\t<section class=\"elementor-section elementor-inner-section elementor-element elementor-element-49f543d elementor-section-full_width elementor-section-height-default elementor-section-height-default\" data-id=\"49f543d\" data-element_type=\"section\" data-e-type=\"section\">\n\t\t\t\t\t\t<div class=\"elementor-container elementor-column-gap-no\">\n\t\t\t\t\t<div class=\"elementor-column elementor-col-100 elementor-inner-column elementor-element elementor-element-4029527\" data-id=\"4029527\" data-element_type=\"column\" data-e-type=\"column\">\n\t\t\t<div class=\"elementor-widget-wrap elementor-element-populated\">\n\t\t\t\t\t\t<div class=\"elementor-element elementor-element-5f94f6a elementor-widget elementor-widget-heading\" data-id=\"5f94f6a\" data-element_type=\"widget\" data-e-type=\"widget\" data-widget_type=\"heading.default\">\n\t\t\t\t<div class=\"elementor-widget-container\">\n\t\t\t\t\t<h1 class=\"elementor-heading-title elementor-size-default\">Und wer seid Ihr?<\/h1>\t\t\t\t<\/div>\n\t\t\t\t<\/div>\n\t\t\t\t\t<\/div>\n\t\t<\/div>\n\t\t\t\t\t<\/div>\n\t\t<\/section>\n\t\t\t\t<section class=\"elementor-section elementor-inner-section elementor-element elementor-element-87516d3 elementor-section-full_width elementor-section-content-middle elementor-section-height-default elementor-section-height-default\" data-id=\"87516d3\" data-element_type=\"section\" data-e-type=\"section\" data-settings=\"{&quot;background_background&quot;:&quot;classic&quot;}\">\n\t\t\t\t\t\t<div class=\"elementor-container elementor-column-gap-no\">\n\t\t\t\t\t<div class=\"elementor-column elementor-col-100 elementor-inner-column elementor-element elementor-element-c5f8483\" data-id=\"c5f8483\" data-element_type=\"column\" data-e-type=\"column\" data-settings=\"{&quot;background_background&quot;:&quot;classic&quot;}\">\n\t\t\t<div class=\"elementor-widget-wrap elementor-element-populated\">\n\t\t\t\t\t\t<div class=\"elementor-element elementor-element-de19ef3 elementor-widget elementor-widget-text-editor\" data-id=\"de19ef3\" data-element_type=\"widget\" data-e-type=\"widget\" data-widget_type=\"text-editor.default\">\n\t\t\t\t<div class=\"elementor-widget-container\">\n\t\t\t\t\t\t\t\t\t<p data-start=\"605\" data-end=\"759\">Ich freue mich auf eure Geschichte und darauf, euch kennenzulernen. Schreibt mir \u2013 und lasst uns eure Vision zum Leuchten bringen.<\/p>\t\t\t\t\t\t\t\t<\/div>\n\t\t\t\t<\/div>\n\t\t\t\t<div class=\"elementor-element elementor-element-5af4b28 elementor-align-left elementor-mobile-align-left elementor-widget-mobile__width-inherit elementor-widget elementor-widget-button\" data-id=\"5af4b28\" data-element_type=\"widget\" data-e-type=\"widget\" data-settings=\"{&quot;motion_fx_motion_fx_scrolling&quot;:&quot;yes&quot;,&quot;motion_fx_scale_effect&quot;:&quot;yes&quot;,&quot;motion_fx_scale_direction&quot;:&quot;in-out&quot;,&quot;motion_fx_scale_speed&quot;:{&quot;unit&quot;:&quot;px&quot;,&quot;size&quot;:&quot;1&quot;,&quot;sizes&quot;:[]},&quot;motion_fx_scale_range&quot;:{&quot;unit&quot;:&quot;%&quot;,&quot;size&quot;:&quot;&quot;,&quot;sizes&quot;:{&quot;start&quot;:&quot;0&quot;,&quot;end&quot;:&quot;25&quot;}},&quot;motion_fx_devices&quot;:[&quot;desktop&quot;,&quot;tablet&quot;,&quot;mobile&quot;]}\" data-widget_type=\"button.default\">\n\t\t\t\t<div class=\"elementor-widget-container\">\n\t\t\t\t\t\t\t\t\t<div class=\"elementor-button-wrapper\">\n\t\t\t\t\t<a class=\"elementor-button elementor-button-link elementor-size-sm\" href=\"https:\/\/dreamglow-events.ch\/en\/kontakt\/\">\n\t\t\t\t\t\t<span class=\"elementor-button-content-wrapper\">\n\t\t\t\t\t\t\t\t\t<span class=\"elementor-button-text\">Jetzt Beratungsgespr\u00e4ch vereinbaren<\/span>\n\t\t\t\t\t<\/span>\n\t\t\t\t\t<\/a>\n\t\t\t\t<\/div>\n\t\t\t\t\t\t\t\t<\/div>\n\t\t\t\t<\/div>\n\t\t\t\t\t<\/div>\n\t\t<\/div>\n\t\t\t\t\t<\/div>\n\t\t<\/section>\n\t\t\t\t\t<\/div>\n\t\t<\/div>\n\t\t\t\t\t<\/div>\n\t\t<\/section>\n\t\t\t\t<section class=\"elementor-section elementor-top-section elementor-element elementor-element-6c4740be elementor-section-full_width elementor-section-height-default elementor-section-height-default\" data-id=\"6c4740be\" data-element_type=\"section\" data-e-type=\"section\" data-settings=\"{&quot;background_background&quot;:&quot;gradient&quot;}\">\n\t\t\t\t\t\t<div class=\"elementor-container elementor-column-gap-no\">\n\t\t\t\t\t<div class=\"elementor-column elementor-col-100 elementor-top-column elementor-element elementor-element-486a3c08\" data-id=\"486a3c08\" data-element_type=\"column\" data-e-type=\"column\" data-settings=\"{&quot;background_background&quot;:&quot;gradient&quot;}\">\n\t\t\t<div class=\"elementor-widget-wrap elementor-element-populated\">\n\t\t\t\t\t\t<div class=\"elementor-element elementor-element-068a972 elementor-widget__width-initial elementor-widget elementor-widget-image\" data-id=\"068a972\" data-element_type=\"widget\" data-e-type=\"widget\" data-widget_type=\"image.default\">\n\t\t\t\t<div class=\"elementor-widget-container\">\n\t\t\t\t\t\t\t\t\t\t\t\t\t\t\t<img loading=\"lazy\" decoding=\"async\" width=\"800\" height=\"229\" src=\"https:\/\/dreamglow-events.ch\/wp-content\/uploads\/2024\/10\/Slogan-Dreamglow.png\" class=\"attachment-large size-large wp-image-1895\" alt=\"\" srcset=\"https:\/\/dreamglow-events.ch\/wp-content\/uploads\/2024\/10\/Slogan-Dreamglow.png 875w, https:\/\/dreamglow-events.ch\/wp-content\/uploads\/2024\/10\/Slogan-Dreamglow-300x86.png 300w, https:\/\/dreamglow-events.ch\/wp-content\/uploads\/2024\/10\/Slogan-Dreamglow-768x219.png 768w\" sizes=\"(max-width: 800px) 100vw, 800px\" \/>\t\t\t\t\t\t\t\t\t\t\t\t\t\t\t<\/div>\n\t\t\t\t<\/div>\n\t\t\t\t\t<\/div>\n\t\t<\/div>\n\t\t\t\t\t<\/div>\n\t\t<\/section>\n\t\t\t\t<\/div>\n\t\t","protected":false},"excerpt":{"rendered":"<p>Hi, Ich bin Lea, eure Hochzeits\u00ad- &amp; Eventplanerin \u201eLet your dreams shine bright\u201c \u2013 dieser Leitsatz ist nicht nur mein Slogan, sondern meine \u00dcberzeugung. Schon als Kind habe ich es geliebt, besondere Momente zu inszenieren \u2013 Geburtstagsfeste, \u00dcberraschungen oder kleine Familientreffen. Heute plane ich als diplomierte Marketingfachfrau und zertifizierte Hochzeits- und Eventplanerin emotionale Erlebnisse mit [&hellip;]<\/p>\n","protected":false},"author":1,"featured_media":0,"parent":0,"menu_order":0,"comment_status":"closed","ping_status":"closed","template":"elementor_header_footer","meta":{"footnotes":""},"class_list":["post-820","page","type-page","status-publish","hentry"],"_links":{"self":[{"href":"https:\/\/dreamglow-events.ch\/en\/wp-json\/wp\/v2\/pages\/820","targetHints":{"allow":["GET"]}}],"collection":[{"href":"https:\/\/dreamglow-events.ch\/en\/wp-json\/wp\/v2\/pages"}],"about":[{"href":"https:\/\/dreamglow-events.ch\/en\/wp-json\/wp\/v2\/types\/page"}],"author":[{"embeddable":true,"href":"https:\/\/dreamglow-events.ch\/en\/wp-json\/wp\/v2\/users\/1"}],"replies":[{"embeddable":true,"href":"https:\/\/dreamglow-events.ch\/en\/wp-json\/wp\/v2\/comments?post=820"}],"version-history":[{"count":10,"href":"https:\/\/dreamglow-events.ch\/en\/wp-json\/wp\/v2\/pages\/820\/revisions"}],"predecessor-version":[{"id":2763,"href":"https:\/\/dreamglow-events.ch\/en\/wp-json\/wp\/v2\/pages\/820\/revisions\/2763"}],"wp:attachment":[{"href":"https:\/\/dreamglow-events.ch\/en\/wp-json\/wp\/v2\/media?parent=820"}],"curies":[{"name":"wp","href":"https:\/\/api.w.org\/{rel}","templated":true}]}}